{"id":221,"date":"2021-06-06T12:35:40","date_gmt":"2021-06-06T11:35:40","guid":{"rendered":"https:\/\/intergrues.ma\/?page_id=221"},"modified":"2025-09-10T21:45:02","modified_gmt":"2025-09-10T20:45:02","slug":"location-de-grues-3","status":"publish","type":"page","link":"https:\/\/intergrues.ma\/index.php\/fr\/location-de-grues-3\/","title":{"rendered":"Location de grue"},"content":{"rendered":"<p>[vc_row type=\u00a0\u00bbvc_default\u00a0\u00bb equal_height=\u00a0\u00bbyes\u00a0\u00bb css=\u00a0\u00bb.vc_custom_1621678227892{margin-bottom: 70px !important;}\u00a0\u00bb][vc_column width=\u00a0\u00bb1\/2&Prime; css=\u00a0\u00bb.vc_custom_1621678235789{background-color: #ededed !important;}\u00a0\u00bb][vc_row_inner css=\u00a0\u00bb.vc_custom_1621681834283{margin-top: 50px !important;margin-bottom: 50px !important;}\u00a0\u00bb][vc_column_inner css=\u00a0\u00bb.vc_custom_1621677723107{padding-top: 30px !important;padding-right: 30px !important;padding-bottom: 30px !important;padding-left: 30px !important;}\u00a0\u00bb]<div class=\"standard-arrow bullet-top\"><p data-start=\"277\" data-end=\"322\"><strong data-start=\"277\" data-end=\"320\">Location de Grues au Maroc \u2013 INTERGRUES<\/strong><\/p>\n<p data-start=\"324\" data-end=\"600\">INTERGRUES propose des <strong data-start=\"347\" data-end=\"383\">prestations de location de grues<\/strong> sp\u00e9cialis\u00e9es qui d\u00e9passent les attentes. Que vous ayez besoin de lever des charges lourdes ou de transporter des \u00e9quipements volumineux, notre flotte compl\u00e8te est pr\u00eate \u00e0 intervenir rapidement partout au <strong data-start=\"588\" data-end=\"597\">Maroc<\/strong>.<\/p>\n<p data-start=\"602\" data-end=\"815\">Nous disposons d\u2019une large gamme de <strong data-start=\"638\" data-end=\"673\">grues et remorques de transport<\/strong>, toutes disponibles \u00e0 la location. Nos \u00e9quipements couvrent tous les besoins de levage, qu\u2019il s\u2019agisse de <strong data-start=\"780\" data-end=\"812\">levage lourd, moyen ou l\u00e9ger<\/strong>.<\/p>\n<h3 data-start=\"817\" data-end=\"854\">Nos services de location de grues<\/h3>\n<ul data-start=\"855\" data-end=\"1258\">\n<li data-start=\"855\" data-end=\"922\">\n<p data-start=\"857\" data-end=\"922\"><strong data-start=\"857\" data-end=\"881\">Grues avec op\u00e9rateur<\/strong> : pour un levage s\u00e9curis\u00e9 et ma\u00eetris\u00e9.<\/p>\n<\/li>\n<li data-start=\"923\" data-end=\"1010\">\n<p data-start=\"925\" data-end=\"1010\"><strong data-start=\"925\" data-end=\"949\">Grues sans op\u00e9rateur<\/strong> : pour les professionnels disposant de leur propre \u00e9quipe.<\/p>\n<\/li>\n<li data-start=\"1011\" data-end=\"1093\">\n<p data-start=\"1013\" data-end=\"1093\"><strong data-start=\"1013\" data-end=\"1048\">Location courte ou longue dur\u00e9e<\/strong> : flexibilit\u00e9 totale selon votre chantier.<\/p>\n<\/li>\n<li data-start=\"1094\" data-end=\"1258\">\n<p data-start=\"1096\" data-end=\"1258\"><strong data-start=\"1096\" data-end=\"1138\">Maintenance et certifications incluses<\/strong> : nous nous occupons de tout pour garantir que votre mat\u00e9riel est pr\u00eat \u00e0 l\u2019emploi et conforme aux normes de s\u00e9curit\u00e9.<\/p>\n<\/li>\n<\/ul>\n<p data-start=\"1260\" data-end=\"1398\">Chez INTERGRUES, nous nous engageons \u00e0 fournir le <strong data-start=\"1310\" data-end=\"1343\">meilleur \u00e9quipement de levage<\/strong>, rapidement disponible et adapt\u00e9 \u00e0 tous vos projets.<\/p>\n<h4 class=\"entry-title\"><a href=\"https:\/\/intergrues.ma\/index.php\/fr\/2025\/02\/25\/quest-ce-quune-grue\/\">Tout savoir sur la grue : Types, usages et avantages<\/a><\/h4>\n<p data-start=\"1400\" data-end=\"1580\">\ud83d\udc49 <a class=\"decorated-link\" href=\"#\" rel=\"noopener\" data-start=\"1463\" data-end=\"1516\">Contactez votre bureau INTERGRUES le plus proche<\/a> d\u00e8s maintenant pour obtenir le mat\u00e9riel adapt\u00e9 \u00e0 vos besoins.<\/p>\n<\/div>[vc_empty_space]<div class=\" ubtn-ctn-center \"><a class=\"ubtn-link ult-adjust-bottom-margin ubtn-center ubtn-large \" href=\"https:\/\/intergrues.ma\/index.php\/contact\/\" title=\"Contact\" ><button type=\"button\" id=\"ubtn-9065\"  class=\"ubtn ult-adjust-bottom-margin ult-responsive ubtn-large ubtn-no-hover-bg  none  ubtn-center   tooltip-69f62b31429f4\"  data-hover=\"#ffffff\" data-border-color=\"#6d6d6d\" data-bg=\"\" data-hover-bg=\"#6d6d6d\" data-border-hover=\"#ffffff\" data-shadow-hover=\"\" data-shadow-click=\"none\" data-shadow=\"\" data-shd-shadow=\"\"  data-ultimate-target='#ubtn-9065'  data-responsive-json-new='{\"font-size\":\"desktop:18px;\",\"line-height\":\"\"}'  style=\"font-weight:normal;border-radius:8px;border-width:1px;border-color:#6d6d6d;border-style:solid;color: #6d6d6d;\"><span class=\"ubtn-hover\" style=\"background-color:#6d6d6d\"><\/span><span class=\"ubtn-data ubtn-text \" >Nous contacter<\/span><\/button><\/a><\/div>[\/vc_column_inner][\/vc_row_inner][\/vc_column][vc_column width=\u00a0\u00bb1\/2&Prime; css=\u00a0\u00bb.vc_custom_1622370552570{background-image: url(https:\/\/intergrues.ma\/wp-content\/uploads\/2021\/05\/IMG-20210429-WA0043.jpg?id=327) !important;background-position: center !important;background-repeat: no-repeat !important;background-size: cover !important;}\u00a0\u00bb][\/vc_column][\/vc_row][vc_row][vc_column width=\u00a0\u00bb1\/4&Prime;]<div class=\"ult-new-ib ult-ib-effect-style2  ult-ib-resp ult-ib2-min-height \" data-min-width=\"768\" data-max-width=\"900\" style=\"background:#471f09; opacity:0; \" data-opacity=\"0.6\" data-hover-opacity=\"0.8\"  data-min-height=\"300\" ><img decoding=\"async\" class=\"ult-new-ib-img\" style=\"opacity:0.6;\" alt=\"null\" src=\"https:\/\/intergrues.ma\/wp-content\/uploads\/2021\/05\/IMG-20210419-WA0008.jpg\"  data-min-height=\"300\"   \/><div id=\"interactive-banner-wrap-7504\" class=\"ult-new-ib-desc\" style=\"\"><h2 class=\"ult-new-ib-title ult-responsive\"  data-ultimate-target='#interactive-banner-wrap-7504 .ult-new-ib-title'  data-responsive-json-new='{\"font-size\":\"desktop:24px;\",\"line-height\":\"\"}'  style=\"font-weight:normal;color:#ffffff;\">LEVAGE ET MANUTENTION<\/h2><\/div><a class=\"ult-new-ib-link\" href=\"https:\/\/intergrues.ma\/index.php\/nos-produits\/levage-et-manutention\/\" title=\"Levage et manutention\"  ><\/a><\/div><script type=\"text\/javascript\">\r\n\t\t\t(function($){\r\n\t\t\t\t$(document).ready(function(){\r\n\t\t\t\t\t$(\".ult-new-ib\").css(\"opacity\",\"1\");\r\n\t\t\t\t});\r\n\t\t\t})(jQuery);\r\n\t\t\t<\/script>[\/vc_column][vc_column width=\u00a0\u00bb1\/4&Prime;]<div class=\"ult-new-ib ult-ib-effect-style2  ult-ib-resp ult-ib2-min-height \" data-min-width=\"768\" data-max-width=\"900\" style=\"background:#471f09; opacity:0; \" data-opacity=\"0.6\" data-hover-opacity=\"0.8\"  data-min-height=\"300\" ><img decoding=\"async\" class=\"ult-new-ib-img\" style=\"opacity:0.6;\" alt=\"null\" src=\"https:\/\/intergrues.ma\/wp-content\/uploads\/2016\/04\/3.png\"  data-min-height=\"300\"   \/><div id=\"interactive-banner-wrap-5013\" class=\"ult-new-ib-desc\" style=\"\"><h2 class=\"ult-new-ib-title ult-responsive\"  data-ultimate-target='#interactive-banner-wrap-5013 .ult-new-ib-title'  data-responsive-json-new='{\"font-size\":\"desktop:24px;\",\"line-height\":\"\"}'  style=\"font-weight:normal;color:#ffffff;\">TRANSFERT D'UNIT\u00c9 DE PRODUCTION<\/h2><\/div><a class=\"ult-new-ib-link\" href=\"https:\/\/intergrues.ma\/index.php\/nos-produits\/transfert-dunites-de-production\/\" title=\"Levage et manutention\"  ><\/a><\/div><script type=\"text\/javascript\">\r\n\t\t\t(function($){\r\n\t\t\t\t$(document).ready(function(){\r\n\t\t\t\t\t$(\".ult-new-ib\").css(\"opacity\",\"1\");\r\n\t\t\t\t});\r\n\t\t\t})(jQuery);\r\n\t\t\t<\/script>[\/vc_column][vc_column width=\u00a0\u00bb1\/4&Prime;]<div class=\"ult-new-ib ult-ib-effect-style2  ult-ib-resp ult-ib2-min-height \" data-min-width=\"768\" data-max-width=\"900\" style=\"background:#471f09; opacity:0; \" data-opacity=\"0.6\" data-hover-opacity=\"0.8\"  data-min-height=\"300\" ><img decoding=\"async\" class=\"ult-new-ib-img\" style=\"opacity:0.6;\" alt=\"null\" src=\"https:\/\/intergrues.ma\/wp-content\/uploads\/2021\/05\/IMG-20210407-WA0010.jpg\"  data-min-height=\"300\"   \/><div id=\"interactive-banner-wrap-3219\" class=\"ult-new-ib-desc\" style=\"\"><h2 class=\"ult-new-ib-title ult-responsive\"  data-ultimate-target='#interactive-banner-wrap-3219 .ult-new-ib-title'  data-responsive-json-new='{\"font-size\":\"desktop:24px;\",\"line-height\":\"\"}'  style=\"font-weight:normal;color:#ffffff;\">TRANSPORT TECHNIQUE<\/h2><\/div><a class=\"ult-new-ib-link\" href=\"https:\/\/intergrues.ma\/index.php\/nos-produits\/transport-technique\/\" title=\"Levage et manutention\"  ><\/a><\/div><script type=\"text\/javascript\">\r\n\t\t\t(function($){\r\n\t\t\t\t$(document).ready(function(){\r\n\t\t\t\t\t$(\".ult-new-ib\").css(\"opacity\",\"1\");\r\n\t\t\t\t});\r\n\t\t\t})(jQuery);\r\n\t\t\t<\/script>[\/vc_column][vc_column width=\u00a0\u00bb1\/4&Prime;]<div class=\"ult-new-ib ult-ib-effect-style2  ult-ib-resp ult-ib2-min-height \" data-min-width=\"768\" data-max-width=\"900\" style=\"background:#471f09; opacity:0; \" data-opacity=\"0.6\" data-hover-opacity=\"0.8\"  data-min-height=\"300\" ><img decoding=\"async\" class=\"ult-new-ib-img\" style=\"opacity:0.6;\" alt=\"null\" src=\"https:\/\/intergrues.ma\/wp-content\/uploads\/2021\/05\/IMG-20210317-WA0022.jpg\"  data-min-height=\"300\"   \/><div id=\"interactive-banner-wrap-7404\" class=\"ult-new-ib-desc\" style=\"\"><h2 class=\"ult-new-ib-title ult-responsive\"  data-ultimate-target='#interactive-banner-wrap-7404 .ult-new-ib-title'  data-responsive-json-new='{\"font-size\":\"desktop:24px;\",\"line-height\":\"\"}'  style=\"font-weight:normal;color:#ffffff;\">\u00c9LEVATION DE PERSONNE<\/h2><\/div><a class=\"ult-new-ib-link\" href=\"https:\/\/intergrues.ma\/index.php\/elevation-de-personnes\/\" title=\"Levage et manutention\"  ><\/a><\/div><script type=\"text\/javascript\">\r\n\t\t\t(function($){\r\n\t\t\t\t$(document).ready(function(){\r\n\t\t\t\t\t$(\".ult-new-ib\").css(\"opacity\",\"1\");\r\n\t\t\t\t});\r\n\t\t\t})(jQuery);\r\n\t\t\t<\/script>[\/vc_column][\/vc_row][vc_row][vc_column width=\u00a0\u00bb1\/4&Prime;]<div class=\"ult-new-ib ult-ib-effect-style2  ult-ib-resp ult-ib2-min-height \" data-min-width=\"768\" data-max-width=\"900\" style=\"background:#471f09; opacity:0; \" data-opacity=\"0.6\" data-hover-opacity=\"0.8\"  data-min-height=\"300\" ><img decoding=\"async\" class=\"ult-new-ib-img\" style=\"opacity:0.6;\" alt=\"null\" src=\"https:\/\/intergrues.ma\/wp-content\/uploads\/2021\/05\/IMG-20210312-WA0053.jpg\"  data-min-height=\"300\"   \/><div id=\"interactive-banner-wrap-7927\" class=\"ult-new-ib-desc\" style=\"\"><h2 class=\"ult-new-ib-title ult-responsive\"  data-ultimate-target='#interactive-banner-wrap-7927 .ult-new-ib-title'  data-responsive-json-new='{\"font-size\":\"desktop:24px;\",\"line-height\":\"\"}'  style=\"font-weight:normal;color:#ffffff;\">WAREHOUSING LOGISTIQUE<\/h2><\/div><a class=\"ult-new-ib-link\" href=\"https:\/\/intergrues.ma\/index.php\/warehousing-et-logistique\/\" title=\"Levage et manutention\"  ><\/a><\/div><script type=\"text\/javascript\">\r\n\t\t\t(function($){\r\n\t\t\t\t$(document).ready(function(){\r\n\t\t\t\t\t$(\".ult-new-ib\").css(\"opacity\",\"1\");\r\n\t\t\t\t});\r\n\t\t\t})(jQuery);\r\n\t\t\t<\/script>[\/vc_column][vc_column width=\u00a0\u00bb1\/4&Prime;]<div class=\"ult-new-ib ult-ib-effect-style2  ult-ib-resp ult-ib2-min-height \" data-min-width=\"768\" data-max-width=\"900\" style=\"background:#471f09; opacity:0; \" data-opacity=\"0.6\" data-hover-opacity=\"0.8\"  data-min-height=\"300\" ><img decoding=\"async\" class=\"ult-new-ib-img\" style=\"opacity:0.6;\" alt=\"null\" src=\"https:\/\/intergrues.ma\/wp-content\/uploads\/2021\/05\/les-travaux-de-terrassement-771-1200-800.jpeg\"  data-min-height=\"300\"   \/><div id=\"interactive-banner-wrap-5220\" class=\"ult-new-ib-desc\" style=\"\"><h2 class=\"ult-new-ib-title ult-responsive\"  data-ultimate-target='#interactive-banner-wrap-5220 .ult-new-ib-title'  data-responsive-json-new='{\"font-size\":\"desktop:24px;\",\"line-height\":\"\"}'  style=\"font-weight:normal;color:#ffffff;\">TERRASSEMENT<\/h2><\/div><a class=\"ult-new-ib-link\" href=\"https:\/\/intergrues.ma\/index.php\/terrassement\/\" title=\"Levage et manutention\"  ><\/a><\/div><script type=\"text\/javascript\">\r\n\t\t\t(function($){\r\n\t\t\t\t$(document).ready(function(){\r\n\t\t\t\t\t$(\".ult-new-ib\").css(\"opacity\",\"1\");\r\n\t\t\t\t});\r\n\t\t\t})(jQuery);\r\n\t\t\t<\/script>[\/vc_column][vc_column width=\u00a0\u00bb1\/4&Prime;]<div class=\"ult-new-ib ult-ib-effect-style2  ult-ib-resp ult-ib2-min-height \" data-min-width=\"768\" data-max-width=\"900\" style=\"background:#471f09; opacity:0; \" data-opacity=\"0.6\" data-hover-opacity=\"0.8\"  data-min-height=\"300\" ><img decoding=\"async\" class=\"ult-new-ib-img\" style=\"opacity:0.6;\" alt=\"null\" src=\"https:\/\/intergrues.ma\/wp-content\/uploads\/2021\/05\/Energie-Renouvelable.jpeg\"  data-min-height=\"300\"   \/><div id=\"interactive-banner-wrap-3287\" class=\"ult-new-ib-desc\" style=\"\"><h2 class=\"ult-new-ib-title ult-responsive\"  data-ultimate-target='#interactive-banner-wrap-3287 .ult-new-ib-title'  data-responsive-json-new='{\"font-size\":\"desktop:24px;\",\"line-height\":\"\"}'  style=\"font-weight:normal;color:#ffffff;\">\u00c9NERGIE<\/h2><\/div><a class=\"ult-new-ib-link\" href=\"https:\/\/intergrues.ma\/index.php\/energie\/\" title=\"Levage et manutention\"  ><\/a><\/div><script type=\"text\/javascript\">\r\n\t\t\t(function($){\r\n\t\t\t\t$(document).ready(function(){\r\n\t\t\t\t\t$(\".ult-new-ib\").css(\"opacity\",\"1\");\r\n\t\t\t\t});\r\n\t\t\t})(jQuery);\r\n\t\t\t<\/script>[\/vc_column][vc_column width=\u00a0\u00bb1\/4&Prime;]<div class=\"ult-new-ib ult-ib-effect-style2  ult-ib-resp ult-ib2-min-height \" data-min-width=\"768\" data-max-width=\"900\" style=\"background:#471f09; opacity:0; \" data-opacity=\"0.6\" data-hover-opacity=\"0.8\"  data-min-height=\"300\" ><img decoding=\"async\" class=\"ult-new-ib-img\" style=\"opacity:0.6;\" alt=\"null\" src=\"https:\/\/intergrues.ma\/wp-content\/uploads\/2021\/05\/grue-souleve-bennes.jpeg\"  data-min-height=\"300\"   \/><div id=\"interactive-banner-wrap-3346\" class=\"ult-new-ib-desc\" style=\"\"><h2 class=\"ult-new-ib-title ult-responsive\"  data-ultimate-target='#interactive-banner-wrap-3346 .ult-new-ib-title'  data-responsive-json-new='{\"font-size\":\"desktop:24px;\",\"line-height\":\"\"}'  style=\"font-weight:normal;color:#ffffff;\">\u00c9VACUATION DES D\u00c9CHETS<\/h2><\/div><a class=\"ult-new-ib-link\" href=\"https:\/\/intergrues.ma\/index.php\/evacuation-des-dechets\/\" title=\"Levage et manutention\"  ><\/a><\/div><script type=\"text\/javascript\">\r\n\t\t\t(function($){\r\n\t\t\t\t$(document).ready(function(){\r\n\t\t\t\t\t$(\".ult-new-ib\").css(\"opacity\",\"1\");\r\n\t\t\t\t});\r\n\t\t\t})(jQuery);\r\n\t\t\t<\/script>[\/vc_column][\/vc_row]<\/p>\n","protected":false},"excerpt":{"rendered":"<p>[vc_row type=\u00a0\u00bbvc_default\u00a0\u00bb equal_height=\u00a0\u00bbyes\u00a0\u00bb css=\u00a0\u00bb.vc_custom_1621678227892{margin-bottom: 70px !important;}\u00a0\u00bb][vc_column width=\u00a0\u00bb1\/2&Prime; css=\u00a0\u00bb.vc_custom_1621678235789{background-color: #ededed !important;}\u00a0\u00bb][vc_row_inner css=\u00a0\u00bb.vc_custom_1621681834283{margin-top: 50px !important;margin-bottom: 50px !important;}\u00a0\u00bb][vc_column_inner css=\u00a0\u00bb.vc_custom_1621677723107{padding-top: 30px !important;padding-right: 30px !important;padding-bottom: 30px !important;padding-left: 30px !important;}\u00a0\u00bb][vc_empty_space][\/vc_column_inner][\/vc_row_inner][\/vc_column][vc_column width=\u00a0\u00bb1\/2&Prime; css=\u00a0\u00bb.vc_custom_1622370552570{background-image: url(https:\/\/intergrues.ma\/wp-content\/uploads\/2021\/05\/IMG-20210429-WA0043.jpg?id=327) !important;background-position: center !important;background-repeat: no-repeat !important;background-size: cover !important;}\u00a0\u00bb][\/vc_column][\/vc_row][vc_row][vc_column width=\u00a0\u00bb1\/4&Prime;][\/vc_column][vc_column width=\u00a0\u00bb1\/4&Prime;][\/vc_column][vc_column width=\u00a0\u00bb1\/4&Prime;][\/vc_column][vc_column width=\u00a0\u00bb1\/4&Prime;][\/vc_column][\/vc_row][vc_row][vc_column width=\u00a0\u00bb1\/4&Prime;][\/vc_column][vc_column width=\u00a0\u00bb1\/4&Prime;][\/vc_column][vc_column width=\u00a0\u00bb1\/4&Prime;][\/vc_column][vc_column width=\u00a0\u00bb1\/4&Prime;][\/vc_column][\/vc_row]<\/p>\n","protected":false},"author":1,"featured_media":0,"parent":0,"menu_order":0,"comment_status":"closed","ping_status":"closed","template":"","meta":[],"class_list":["post-221","page","type-page","status-publish","hentry","description-off"],"yoast_head":"<!-- This site is optimized with the Yoast SEO Premium plugin v24.4 (Yoast SEO v24.4) - https:\/\/yoast.com\/wordpress\/plugins\/seo\/ -->\n<title>Location de grue - Intergrues-Sp\u00e9cialiste de la location des Grues mobiles, chariots \u00e9l\u00e9vateurs, mat\u00e9riel du levage et manutention, transports sp\u00e9ciaux et nacelles<\/title>\n<meta name=\"description\" content=\"Location de grues. Nous vous proposons des grues mobiles sur pneus en location. Pour vos besoins de levage vous pouvez nous\" \/>\n<meta name=\"robots\" content=\"index, follow, max-snippet:-1, max-image-preview:large, max-video-preview:-1\" \/>\n<link rel=\"canonical\" href=\"https:\/\/intergrues.ma\/index.php\/fr\/location-de-grues-3\/\" \/>\n<meta property=\"og:locale\" content=\"fr_FR\" \/>\n<meta property=\"og:type\" content=\"article\" \/>\n<meta property=\"og:title\" content=\"Location de grue\" \/>\n<meta property=\"og:description\" content=\"Location de grues. Nous vous proposons des grues mobiles sur pneus en location. Pour vos besoins de levage vous pouvez nous\" \/>\n<meta property=\"og:url\" content=\"https:\/\/intergrues.ma\/index.php\/fr\/location-de-grues-3\/\" \/>\n<meta property=\"og:site_name\" content=\"Intergrues-Sp\u00e9cialiste de la location des Grues mobiles, chariots \u00e9l\u00e9vateurs, mat\u00e9riel du levage et manutention, transports sp\u00e9ciaux et nacelles\" \/>\n<meta property=\"article:modified_time\" content=\"2025-09-10T20:45:02+00:00\" \/>\n<meta name=\"twitter:card\" content=\"summary_large_image\" \/>\n<meta name=\"twitter:label1\" content=\"Dur\u00e9e de lecture estim\u00e9e\" \/>\n\t<meta name=\"twitter:data1\" content=\"2 minutes\" \/>\n<script type=\"application\/ld+json\" class=\"yoast-schema-graph\">{\"@context\":\"https:\/\/schema.org\",\"@graph\":[{\"@type\":\"WebPage\",\"@id\":\"https:\/\/intergrues.ma\/index.php\/fr\/location-de-grues-3\/\",\"url\":\"https:\/\/intergrues.ma\/index.php\/fr\/location-de-grues-3\/\",\"name\":\"Location de grue - Intergrues-Sp\u00e9cialiste de la location des Grues mobiles, chariots \u00e9l\u00e9vateurs, mat\u00e9riel du levage et manutention, transports sp\u00e9ciaux et nacelles\",\"isPartOf\":{\"@id\":\"https:\/\/intergrues.ma\/#website\"},\"datePublished\":\"2021-06-06T11:35:40+00:00\",\"dateModified\":\"2025-09-10T20:45:02+00:00\",\"description\":\"Location de grues. Nous vous proposons des grues mobiles sur pneus en location. Pour vos besoins de levage vous pouvez nous\",\"breadcrumb\":{\"@id\":\"https:\/\/intergrues.ma\/index.php\/fr\/location-de-grues-3\/#breadcrumb\"},\"inLanguage\":\"fr-FR\",\"potentialAction\":[{\"@type\":\"ReadAction\",\"target\":[\"https:\/\/intergrues.ma\/index.php\/fr\/location-de-grues-3\/\"]}]},{\"@type\":\"BreadcrumbList\",\"@id\":\"https:\/\/intergrues.ma\/index.php\/fr\/location-de-grues-3\/#breadcrumb\",\"itemListElement\":[{\"@type\":\"ListItem\",\"position\":1,\"name\":\"Accueil\",\"item\":\"https:\/\/intergrues.ma\/\"},{\"@type\":\"ListItem\",\"position\":2,\"name\":\"Location de grue\"}]},{\"@type\":\"WebSite\",\"@id\":\"https:\/\/intergrues.ma\/#website\",\"url\":\"https:\/\/intergrues.ma\/\",\"name\":\"Intergrues-Sp\u00e9cialiste de la location des Grues mobiles, chariots \u00e9l\u00e9vateurs, mat\u00e9riel de manutention, transports sp\u00e9ciaux et nacelles\",\"description\":\"Location et vente de mat\u00e9riel de levage: grues, nacelles, plate-formes.\",\"potentialAction\":[{\"@type\":\"SearchAction\",\"target\":{\"@type\":\"EntryPoint\",\"urlTemplate\":\"https:\/\/intergrues.ma\/?s={search_term_string}\"},\"query-input\":{\"@type\":\"PropertyValueSpecification\",\"valueRequired\":true,\"valueName\":\"search_term_string\"}}],\"inLanguage\":\"fr-FR\"}]}<\/script>\n<!-- \/ Yoast SEO Premium plugin. -->","yoast_head_json":{"title":"Location de grue - Intergrues-Sp\u00e9cialiste de la location des Grues mobiles, chariots \u00e9l\u00e9vateurs, mat\u00e9riel du levage et manutention, transports sp\u00e9ciaux et nacelles","description":"Location de grues. Nous vous proposons des grues mobiles sur pneus en location. Pour vos besoins de levage vous pouvez nous","robots":{"index":"index","follow":"follow","max-snippet":"max-snippet:-1","max-image-preview":"max-image-preview:large","max-video-preview":"max-video-preview:-1"},"canonical":"https:\/\/intergrues.ma\/index.php\/fr\/location-de-grues-3\/","og_locale":"fr_FR","og_type":"article","og_title":"Location de grue","og_description":"Location de grues. Nous vous proposons des grues mobiles sur pneus en location. Pour vos besoins de levage vous pouvez nous","og_url":"https:\/\/intergrues.ma\/index.php\/fr\/location-de-grues-3\/","og_site_name":"Intergrues-Sp\u00e9cialiste de la location des Grues mobiles, chariots \u00e9l\u00e9vateurs, mat\u00e9riel du levage et manutention, transports sp\u00e9ciaux et nacelles","article_modified_time":"2025-09-10T20:45:02+00:00","twitter_card":"summary_large_image","twitter_misc":{"Dur\u00e9e de lecture estim\u00e9e":"2 minutes"},"schema":{"@context":"https:\/\/schema.org","@graph":[{"@type":"WebPage","@id":"https:\/\/intergrues.ma\/index.php\/fr\/location-de-grues-3\/","url":"https:\/\/intergrues.ma\/index.php\/fr\/location-de-grues-3\/","name":"Location de grue - Intergrues-Sp\u00e9cialiste de la location des Grues mobiles, chariots \u00e9l\u00e9vateurs, mat\u00e9riel du levage et manutention, transports sp\u00e9ciaux et nacelles","isPartOf":{"@id":"https:\/\/intergrues.ma\/#website"},"datePublished":"2021-06-06T11:35:40+00:00","dateModified":"2025-09-10T20:45:02+00:00","description":"Location de grues. Nous vous proposons des grues mobiles sur pneus en location. Pour vos besoins de levage vous pouvez nous","breadcrumb":{"@id":"https:\/\/intergrues.ma\/index.php\/fr\/location-de-grues-3\/#breadcrumb"},"inLanguage":"fr-FR","potentialAction":[{"@type":"ReadAction","target":["https:\/\/intergrues.ma\/index.php\/fr\/location-de-grues-3\/"]}]},{"@type":"BreadcrumbList","@id":"https:\/\/intergrues.ma\/index.php\/fr\/location-de-grues-3\/#breadcrumb","itemListElement":[{"@type":"ListItem","position":1,"name":"Accueil","item":"https:\/\/intergrues.ma\/"},{"@type":"ListItem","position":2,"name":"Location de grue"}]},{"@type":"WebSite","@id":"https:\/\/intergrues.ma\/#website","url":"https:\/\/intergrues.ma\/","name":"Intergrues-Sp\u00e9cialiste de la location des Grues mobiles, chariots \u00e9l\u00e9vateurs, mat\u00e9riel de manutention, transports sp\u00e9ciaux et nacelles","description":"Location et vente de mat\u00e9riel de levage: grues, nacelles, plate-formes.","potentialAction":[{"@type":"SearchAction","target":{"@type":"EntryPoint","urlTemplate":"https:\/\/intergrues.ma\/?s={search_term_string}"},"query-input":{"@type":"PropertyValueSpecification","valueRequired":true,"valueName":"search_term_string"}}],"inLanguage":"fr-FR"}]}},"_links":{"self":[{"href":"https:\/\/intergrues.ma\/index.php\/wp-json\/wp\/v2\/pages\/221","targetHints":{"allow":["GET"]}}],"collection":[{"href":"https:\/\/intergrues.ma\/index.php\/wp-json\/wp\/v2\/pages"}],"about":[{"href":"https:\/\/intergrues.ma\/index.php\/wp-json\/wp\/v2\/types\/page"}],"author":[{"embeddable":true,"href":"https:\/\/intergrues.ma\/index.php\/wp-json\/wp\/v2\/users\/1"}],"replies":[{"embeddable":true,"href":"https:\/\/intergrues.ma\/index.php\/wp-json\/wp\/v2\/comments?post=221"}],"version-history":[{"count":14,"href":"https:\/\/intergrues.ma\/index.php\/wp-json\/wp\/v2\/pages\/221\/revisions"}],"predecessor-version":[{"id":848,"href":"https:\/\/intergrues.ma\/index.php\/wp-json\/wp\/v2\/pages\/221\/revisions\/848"}],"wp:attachment":[{"href":"https:\/\/intergrues.ma\/index.php\/wp-json\/wp\/v2\/media?parent=221"}],"curies":[{"name":"wp","href":"https:\/\/api.w.org\/{rel}","templated":true}]}}