{"id":224,"date":"2021-06-06T11:29:44","date_gmt":"2021-06-06T10:29:44","guid":{"rendered":"https:\/\/intergrues.ma\/?page_id=224"},"modified":"2025-09-16T16:13:14","modified_gmt":"2025-09-16T15:13:14","slug":"elevation-de-personnes-nacelle","status":"publish","type":"page","link":"https:\/\/intergrues.ma\/index.php\/fr\/elevation-de-personnes-nacelle\/","title":{"rendered":"E\u0301le\u0301vation de personnes"},"content":{"rendered":"<p>[vc_row type=\u00a0\u00bbvc_default\u00a0\u00bb equal_height=\u00a0\u00bbyes\u00a0\u00bb css=\u00a0\u00bb.vc_custom_1621678227892{margin-bottom: 70px !important;}\u00a0\u00bb][vc_column width=\u00a0\u00bb1\/2&Prime; css=\u00a0\u00bb.vc_custom_1621678235789{background-color: #ededed !important;}\u00a0\u00bb][vc_row_inner][vc_column_inner offset=\u00a0\u00bbvc_hidden-lg vc_hidden-md vc_hidden-sm\u00a0\u00bb][vc_single_image image=\u00a0\u00bb389&Prime; img_size=\u00a0\u00bbfull\u00a0\u00bb][\/vc_column_inner][\/vc_row_inner][vc_row_inner css=\u00a0\u00bb.vc_custom_1621691717089{margin-top: 50px !important;margin-bottom: 50px !important;}\u00a0\u00bb][vc_column_inner css=\u00a0\u00bb.vc_custom_1621677723107{padding-top: 30px !important;padding-right: 30px !important;padding-bottom: 30px !important;padding-left: 30px !important;}\u00a0\u00bb]<div class=\"standard-arrow bullet-top\"><p><span style=\"font-weight: 400;\">Associ\u00e9e a\u0300 l\u2019offre Levage et transport, INTERGRUES est sp\u00e9cialis\u00e9e dans la location de mat\u00e9riel pour les travaux en Hauteur qui n\u00e9cessite une grande diversit\u00e9\u0301 de domaines d\u2019activit\u00e9s. R\u00e9pondant directement a\u0300 des applications vari\u00e9es, notre gamme de nacelle couvre des hauteurs de travail pouvant aller jusqu\u2019a\u0300 65 m\u00e8tres. Toutes nos nacelles sont le r\u00e9sultat d\u2019une s\u00e9lection technique rigoureuse et r\u00e9pondent aux particularit\u00e9s de vos sites et installations et type de travaux a\u0300 r\u00e9aliser : Notre parc de machines se compose principalement :\u00a0<\/span><\/p>\n<ul>\n<li aria-level=\"2\"><b>Camions nacelles VL de 8 a\u0300 22 m avec ou sans op\u00e9rateur\u00a0<\/b><\/li>\n<li aria-level=\"2\"><b>Camions nacelle PL allant de 12 a\u0300 26 m exclusivement avec un operateur habilite\u0301\u00a0<\/b><\/li>\n<li aria-level=\"2\"><b>Plateformes \u00e9l\u00e9vatrices de 8 a\u0300 18m\u00a0<\/b><\/li>\n<li aria-level=\"2\"><b>Nacelles automotrices allant de 12 a\u0300 41 m<\/b><\/li>\n<\/ul>\n<\/div>[vc_empty_space]<div class=\" ubtn-ctn-center \"><a class=\"ubtn-link ult-adjust-bottom-margin ubtn-center ubtn-large \" href=\"https:\/\/intergrues.ma\/index.php\/contact\/\" title=\"Contact\" ><button type=\"button\" id=\"ubtn-2825\"  class=\"ubtn ult-adjust-bottom-margin ult-responsive ubtn-large ubtn-no-hover-bg  none  ubtn-center   tooltip-6a095a1794a16\"  data-hover=\"#ffffff\" data-border-color=\"#6d6d6d\" data-bg=\"\" data-hover-bg=\"#6d6d6d\" data-border-hover=\"#ffffff\" data-shadow-hover=\"\" data-shadow-click=\"none\" data-shadow=\"\" data-shd-shadow=\"\"  data-ultimate-target='#ubtn-2825'  data-responsive-json-new='{\"font-size\":\"desktop:18px;\",\"line-height\":\"\"}'  style=\"font-weight:normal;border-radius:8px;border-width:1px;border-color:#6d6d6d;border-style:solid;color: #6d6d6d;\"><span class=\"ubtn-hover\" style=\"background-color:#6d6d6d\"><\/span><span class=\"ubtn-data ubtn-text \" >Nous contacter<\/span><\/button><\/a><\/div>[\/vc_column_inner][\/vc_row_inner][\/vc_column][vc_column width=\u00a0\u00bb1\/2&Prime; css=\u00a0\u00bb.vc_custom_1622980538269{background-image: url(https:\/\/intergrues.ma\/wp-content\/uploads\/2021\/05\/Sans-titre-2.png?id=389) !important;background-position: center !important;background-repeat: no-repeat !important;background-size: cover !important;}\u00a0\u00bb offset=\u00a0\u00bbvc_hidden-xs\u00a0\u00bb][\/vc_column][\/vc_row][vc_row][vc_column width=\u00a0\u00bb1\/4&Prime;]<div class=\"ult-new-ib ult-ib-effect-style2  ult-ib-resp ult-ib2-min-height \" data-min-width=\"768\" data-max-width=\"900\" style=\"background:#471f09; opacity:0; \" data-opacity=\"0.6\" data-hover-opacity=\"0.8\"  data-min-height=\"300\" ><img decoding=\"async\" class=\"ult-new-ib-img\" style=\"opacity:0.6;\" alt=\"null\" src=\"https:\/\/intergrues.ma\/wp-content\/uploads\/2021\/05\/IMG-20210419-WA0008.jpg\"  data-min-height=\"300\"   \/><div id=\"interactive-banner-wrap-9215\" class=\"ult-new-ib-desc\" style=\"\"><h2 class=\"ult-new-ib-title ult-responsive\"  data-ultimate-target='#interactive-banner-wrap-9215 .ult-new-ib-title'  data-responsive-json-new='{\"font-size\":\"desktop:24px;\",\"line-height\":\"\"}'  style=\"font-weight:normal;color:#ffffff;\">LEVAGE ET MANUTENTION<\/h2><\/div><a class=\"ult-new-ib-link\" href=\"https:\/\/intergrues.ma\/index.php\/nos-produits\/levage-et-manutention\/\" title=\"Levage et manutention\"  ><\/a><\/div><script type=\"text\/javascript\">\r\n\t\t\t(function($){\r\n\t\t\t\t$(document).ready(function(){\r\n\t\t\t\t\t$(\".ult-new-ib\").css(\"opacity\",\"1\");\r\n\t\t\t\t});\r\n\t\t\t})(jQuery);\r\n\t\t\t<\/script>[\/vc_column][vc_column width=\u00a0\u00bb1\/4&Prime;]<div class=\"ult-new-ib ult-ib-effect-style2  ult-ib-resp ult-ib2-min-height \" data-min-width=\"768\" data-max-width=\"900\" style=\"background:#471f09; opacity:0; \" data-opacity=\"0.6\" data-hover-opacity=\"0.8\"  data-min-height=\"300\" ><img decoding=\"async\" class=\"ult-new-ib-img\" style=\"opacity:0.6;\" alt=\"null\" src=\"https:\/\/intergrues.ma\/wp-content\/uploads\/2016\/04\/3.png\"  data-min-height=\"300\"   \/><div id=\"interactive-banner-wrap-6106\" class=\"ult-new-ib-desc\" style=\"\"><h2 class=\"ult-new-ib-title ult-responsive\"  data-ultimate-target='#interactive-banner-wrap-6106 .ult-new-ib-title'  data-responsive-json-new='{\"font-size\":\"desktop:24px;\",\"line-height\":\"\"}'  style=\"font-weight:normal;color:#ffffff;\">TRANSFERT D'UNIT\u00c9 DE PRODUCTION<\/h2><\/div><a class=\"ult-new-ib-link\" href=\"https:\/\/intergrues.ma\/index.php\/nos-produits\/transfert-dunites-de-production\/\" title=\"Levage et manutention\"  ><\/a><\/div><script type=\"text\/javascript\">\r\n\t\t\t(function($){\r\n\t\t\t\t$(document).ready(function(){\r\n\t\t\t\t\t$(\".ult-new-ib\").css(\"opacity\",\"1\");\r\n\t\t\t\t});\r\n\t\t\t})(jQuery);\r\n\t\t\t<\/script>[\/vc_column][vc_column width=\u00a0\u00bb1\/4&Prime;]<div class=\"ult-new-ib ult-ib-effect-style2  ult-ib-resp ult-ib2-min-height \" data-min-width=\"768\" data-max-width=\"900\" style=\"background:#471f09; opacity:0; \" data-opacity=\"0.6\" data-hover-opacity=\"0.8\"  data-min-height=\"300\" ><img decoding=\"async\" class=\"ult-new-ib-img\" style=\"opacity:0.6;\" alt=\"null\" src=\"https:\/\/intergrues.ma\/wp-content\/uploads\/2021\/05\/IMG-20210407-WA0010.jpg\"  data-min-height=\"300\"   \/><div id=\"interactive-banner-wrap-6647\" class=\"ult-new-ib-desc\" style=\"\"><h2 class=\"ult-new-ib-title ult-responsive\"  data-ultimate-target='#interactive-banner-wrap-6647 .ult-new-ib-title'  data-responsive-json-new='{\"font-size\":\"desktop:24px;\",\"line-height\":\"\"}'  style=\"font-weight:normal;color:#ffffff;\">TRANSPORT TECHNIQUE<\/h2><\/div><a class=\"ult-new-ib-link\" href=\"https:\/\/intergrues.ma\/index.php\/nos-produits\/transport-technique\/\" title=\"Levage et manutention\"  ><\/a><\/div><script type=\"text\/javascript\">\r\n\t\t\t(function($){\r\n\t\t\t\t$(document).ready(function(){\r\n\t\t\t\t\t$(\".ult-new-ib\").css(\"opacity\",\"1\");\r\n\t\t\t\t});\r\n\t\t\t})(jQuery);\r\n\t\t\t<\/script>[\/vc_column][vc_column width=\u00a0\u00bb1\/4&Prime;]<div class=\"ult-new-ib ult-ib-effect-style2  ult-ib-resp ult-ib2-min-height \" data-min-width=\"768\" data-max-width=\"900\" style=\"background:#471f09; opacity:0; \" data-opacity=\"0.6\" data-hover-opacity=\"0.8\"  data-min-height=\"300\" ><img decoding=\"async\" class=\"ult-new-ib-img\" style=\"opacity:0.6;\" alt=\"null\" src=\"https:\/\/intergrues.ma\/wp-content\/uploads\/2021\/05\/IMG-20210317-WA0022.jpg\"  data-min-height=\"300\"   \/><div id=\"interactive-banner-wrap-6256\" class=\"ult-new-ib-desc\" style=\"\"><h2 class=\"ult-new-ib-title ult-responsive\"  data-ultimate-target='#interactive-banner-wrap-6256 .ult-new-ib-title'  data-responsive-json-new='{\"font-size\":\"desktop:24px;\",\"line-height\":\"\"}'  style=\"font-weight:normal;color:#ffffff;\">\u00c9LEVATION DE PERSONNE<\/h2><\/div><a class=\"ult-new-ib-link\" href=\"https:\/\/intergrues.ma\/index.php\/elevation-de-personnes\/\" title=\"Levage et manutention\"  ><\/a><\/div><script type=\"text\/javascript\">\r\n\t\t\t(function($){\r\n\t\t\t\t$(document).ready(function(){\r\n\t\t\t\t\t$(\".ult-new-ib\").css(\"opacity\",\"1\");\r\n\t\t\t\t});\r\n\t\t\t})(jQuery);\r\n\t\t\t<\/script>[\/vc_column][\/vc_row][vc_row][vc_column width=\u00a0\u00bb1\/4&Prime;]<div class=\"ult-new-ib ult-ib-effect-style2  ult-ib-resp ult-ib2-min-height \" data-min-width=\"768\" data-max-width=\"900\" style=\"background:#471f09; opacity:0; \" data-opacity=\"0.6\" data-hover-opacity=\"0.8\"  data-min-height=\"300\" ><img decoding=\"async\" class=\"ult-new-ib-img\" style=\"opacity:0.6;\" alt=\"null\" src=\"https:\/\/intergrues.ma\/wp-content\/uploads\/2021\/05\/IMG-20210312-WA0053.jpg\"  data-min-height=\"300\"   \/><div id=\"interactive-banner-wrap-6077\" class=\"ult-new-ib-desc\" style=\"\"><h2 class=\"ult-new-ib-title ult-responsive\"  data-ultimate-target='#interactive-banner-wrap-6077 .ult-new-ib-title'  data-responsive-json-new='{\"font-size\":\"desktop:24px;\",\"line-height\":\"\"}'  style=\"font-weight:normal;color:#ffffff;\">WAREHOUSING LOGISTIQUE<\/h2><\/div><a class=\"ult-new-ib-link\" href=\"https:\/\/intergrues.ma\/index.php\/warehousing-et-logistique\/\" title=\"Levage et manutention\"  ><\/a><\/div><script type=\"text\/javascript\">\r\n\t\t\t(function($){\r\n\t\t\t\t$(document).ready(function(){\r\n\t\t\t\t\t$(\".ult-new-ib\").css(\"opacity\",\"1\");\r\n\t\t\t\t});\r\n\t\t\t})(jQuery);\r\n\t\t\t<\/script>[\/vc_column][vc_column width=\u00a0\u00bb1\/4&Prime;]<div class=\"ult-new-ib ult-ib-effect-style2  ult-ib-resp ult-ib2-min-height \" data-min-width=\"768\" data-max-width=\"900\" style=\"background:#471f09; opacity:0; \" data-opacity=\"0.6\" data-hover-opacity=\"0.8\"  data-min-height=\"300\" ><img decoding=\"async\" class=\"ult-new-ib-img\" style=\"opacity:0.6;\" alt=\"null\" src=\"https:\/\/intergrues.ma\/wp-content\/uploads\/2021\/05\/les-travaux-de-terrassement-771-1200-800.jpeg\"  data-min-height=\"300\"   \/><div id=\"interactive-banner-wrap-5930\" class=\"ult-new-ib-desc\" style=\"\"><h2 class=\"ult-new-ib-title ult-responsive\"  data-ultimate-target='#interactive-banner-wrap-5930 .ult-new-ib-title'  data-responsive-json-new='{\"font-size\":\"desktop:24px;\",\"line-height\":\"\"}'  style=\"font-weight:normal;color:#ffffff;\">TERRASSEMENT<\/h2><\/div><a class=\"ult-new-ib-link\" href=\"https:\/\/intergrues.ma\/index.php\/terrassement\/\" title=\"Levage et manutention\"  ><\/a><\/div><script type=\"text\/javascript\">\r\n\t\t\t(function($){\r\n\t\t\t\t$(document).ready(function(){\r\n\t\t\t\t\t$(\".ult-new-ib\").css(\"opacity\",\"1\");\r\n\t\t\t\t});\r\n\t\t\t})(jQuery);\r\n\t\t\t<\/script>[\/vc_column][vc_column width=\u00a0\u00bb1\/4&Prime;]<div class=\"ult-new-ib ult-ib-effect-style2  ult-ib-resp ult-ib2-min-height \" data-min-width=\"768\" data-max-width=\"900\" style=\"background:#471f09; opacity:0; \" data-opacity=\"0.6\" data-hover-opacity=\"0.8\"  data-min-height=\"300\" ><img decoding=\"async\" class=\"ult-new-ib-img\" style=\"opacity:0.6;\" alt=\"null\" src=\"https:\/\/intergrues.ma\/wp-content\/uploads\/2021\/05\/Energie-Renouvelable.jpeg\"  data-min-height=\"300\"   \/><div id=\"interactive-banner-wrap-3986\" class=\"ult-new-ib-desc\" style=\"\"><h2 class=\"ult-new-ib-title ult-responsive\"  data-ultimate-target='#interactive-banner-wrap-3986 .ult-new-ib-title'  data-responsive-json-new='{\"font-size\":\"desktop:24px;\",\"line-height\":\"\"}'  style=\"font-weight:normal;color:#ffffff;\">\u00c9NERGIE<\/h2><\/div><a class=\"ult-new-ib-link\" href=\"https:\/\/intergrues.ma\/index.php\/energie\/\" title=\"Levage et manutention\"  ><\/a><\/div><script type=\"text\/javascript\">\r\n\t\t\t(function($){\r\n\t\t\t\t$(document).ready(function(){\r\n\t\t\t\t\t$(\".ult-new-ib\").css(\"opacity\",\"1\");\r\n\t\t\t\t});\r\n\t\t\t})(jQuery);\r\n\t\t\t<\/script>[\/vc_column][vc_column width=\u00a0\u00bb1\/4&Prime;]<div class=\"ult-new-ib ult-ib-effect-style2  ult-ib-resp ult-ib2-min-height \" data-min-width=\"768\" data-max-width=\"900\" style=\"background:#471f09; opacity:0; \" data-opacity=\"0.6\" data-hover-opacity=\"0.8\"  data-min-height=\"300\" ><img decoding=\"async\" class=\"ult-new-ib-img\" style=\"opacity:0.6;\" alt=\"null\" src=\"https:\/\/intergrues.ma\/wp-content\/uploads\/2021\/05\/grue-souleve-bennes.jpeg\"  data-min-height=\"300\"   \/><div id=\"interactive-banner-wrap-7609\" class=\"ult-new-ib-desc\" style=\"\"><h2 class=\"ult-new-ib-title ult-responsive\"  data-ultimate-target='#interactive-banner-wrap-7609 .ult-new-ib-title'  data-responsive-json-new='{\"font-size\":\"desktop:24px;\",\"line-height\":\"\"}'  style=\"font-weight:normal;color:#ffffff;\">\u00c9VACUATION DES D\u00c9CHETS<\/h2><\/div><a class=\"ult-new-ib-link\" href=\"https:\/\/intergrues.ma\/index.php\/evacuation-des-dechets\/\" title=\"Levage et manutention\"  ><\/a><\/div><script type=\"text\/javascript\">\r\n\t\t\t(function($){\r\n\t\t\t\t$(document).ready(function(){\r\n\t\t\t\t\t$(\".ult-new-ib\").css(\"opacity\",\"1\");\r\n\t\t\t\t});\r\n\t\t\t})(jQuery);\r\n\t\t\t<\/script>[\/vc_column][\/vc_row]<\/p>\n","protected":false},"excerpt":{"rendered":"<p>[vc_row type=\u00a0\u00bbvc_default\u00a0\u00bb equal_height=\u00a0\u00bbyes\u00a0\u00bb css=\u00a0\u00bb.vc_custom_1621678227892{margin-bottom: 70px !important;}\u00a0\u00bb][vc_column width=\u00a0\u00bb1\/2&Prime; css=\u00a0\u00bb.vc_custom_1621678235789{background-color: #ededed !important;}\u00a0\u00bb][vc_row_inner][vc_column_inner offset=\u00a0\u00bbvc_hidden-lg vc_hidden-md vc_hidden-sm\u00a0\u00bb][vc_single_image image=\u00a0\u00bb389&Prime; img_size=\u00a0\u00bbfull\u00a0\u00bb][\/vc_column_inner][\/vc_row_inner][vc_row_inner css=\u00a0\u00bb.vc_custom_1621691717089{margin-top: 50px !important;margin-bottom: 50px !important;}\u00a0\u00bb][vc_column_inner css=\u00a0\u00bb.vc_custom_1621677723107{padding-top: 30px !important;padding-right: 30px !important;padding-bottom: 30px !important;padding-left: 30px !important;}\u00a0\u00bb][vc_empty_space][\/vc_column_inner][\/vc_row_inner][\/vc_column][vc_column width=\u00a0\u00bb1\/2&Prime; css=\u00a0\u00bb.vc_custom_1622980538269{background-image: url(https:\/\/intergrues.ma\/wp-content\/uploads\/2021\/05\/Sans-titre-2.png?id=389) !important;background-position: center !important;background-repeat: no-repeat !important;background-size: cover !important;}\u00a0\u00bb offset=\u00a0\u00bbvc_hidden-xs\u00a0\u00bb][\/vc_column][\/vc_row][vc_row][vc_column width=\u00a0\u00bb1\/4&Prime;][\/vc_column][vc_column width=\u00a0\u00bb1\/4&Prime;][\/vc_column][vc_column width=\u00a0\u00bb1\/4&Prime;][\/vc_column][vc_column width=\u00a0\u00bb1\/4&Prime;][\/vc_column][\/vc_row][vc_row][vc_column width=\u00a0\u00bb1\/4&Prime;][\/vc_column][vc_column width=\u00a0\u00bb1\/4&Prime;][\/vc_column][vc_column width=\u00a0\u00bb1\/4&Prime;][\/vc_column][vc_column width=\u00a0\u00bb1\/4&Prime;][\/vc_column][\/vc_row]<\/p>\n","protected":false},"author":1,"featured_media":0,"parent":0,"menu_order":0,"comment_status":"closed","ping_status":"closed","template":"","meta":[],"class_list":["post-224","page","type-page","status-publish","hentry","description-off"],"yoast_head":"<!-- This site is optimized with the Yoast SEO Premium plugin v24.4 (Yoast SEO v24.4) - https:\/\/yoast.com\/wordpress\/plugins\/seo\/ -->\n<title>E\u0301le\u0301vation de personnes - Intergrues-Sp\u00e9cialiste de la location des Grues mobiles, chariots \u00e9l\u00e9vateurs, mat\u00e9riel du levage et manutention, transports sp\u00e9ciaux et nacelles<\/title>\n<meta name=\"description\" content=\"Location de grues. Nous vous proposons des grues mobiles sur pneus en location. Pour vos besoins de levage vous pouvez nous\" \/>\n<meta name=\"robots\" content=\"index, follow, max-snippet:-1, max-image-preview:large, max-video-preview:-1\" \/>\n<link rel=\"canonical\" href=\"https:\/\/intergrues.ma\/index.php\/fr\/elevation-de-personnes-nacelle\/\" \/>\n<meta property=\"og:locale\" content=\"fr_FR\" \/>\n<meta property=\"og:type\" content=\"article\" \/>\n<meta property=\"og:title\" content=\"E\u0301le\u0301vation de personnes\" \/>\n<meta property=\"og:description\" content=\"Location de grues. Nous vous proposons des grues mobiles sur pneus en location. Pour vos besoins de levage vous pouvez nous\" \/>\n<meta property=\"og:url\" content=\"https:\/\/intergrues.ma\/index.php\/fr\/elevation-de-personnes-nacelle\/\" \/>\n<meta property=\"og:site_name\" content=\"Intergrues-Sp\u00e9cialiste de la location des Grues mobiles, chariots \u00e9l\u00e9vateurs, mat\u00e9riel du levage et manutention, transports sp\u00e9ciaux et nacelles\" \/>\n<meta property=\"article:modified_time\" content=\"2025-09-16T15:13:14+00:00\" \/>\n<meta name=\"twitter:card\" content=\"summary_large_image\" \/>\n<meta name=\"twitter:label1\" content=\"Dur\u00e9e de lecture estim\u00e9e\" \/>\n\t<meta name=\"twitter:data1\" content=\"5 minutes\" \/>\n<script type=\"application\/ld+json\" class=\"yoast-schema-graph\">{\"@context\":\"https:\/\/schema.org\",\"@graph\":[{\"@type\":\"WebPage\",\"@id\":\"https:\/\/intergrues.ma\/index.php\/fr\/elevation-de-personnes-nacelle\/\",\"url\":\"https:\/\/intergrues.ma\/index.php\/fr\/elevation-de-personnes-nacelle\/\",\"name\":\"E\u0301le\u0301vation de personnes - Intergrues-Sp\u00e9cialiste de la location des Grues mobiles, chariots \u00e9l\u00e9vateurs, mat\u00e9riel du levage et manutention, transports sp\u00e9ciaux et nacelles\",\"isPartOf\":{\"@id\":\"https:\/\/intergrues.ma\/#website\"},\"datePublished\":\"2021-06-06T10:29:44+00:00\",\"dateModified\":\"2025-09-16T15:13:14+00:00\",\"description\":\"Location de grues. Nous vous proposons des grues mobiles sur pneus en location. Pour vos besoins de levage vous pouvez nous\",\"breadcrumb\":{\"@id\":\"https:\/\/intergrues.ma\/index.php\/fr\/elevation-de-personnes-nacelle\/#breadcrumb\"},\"inLanguage\":\"fr-FR\",\"potentialAction\":[{\"@type\":\"ReadAction\",\"target\":[\"https:\/\/intergrues.ma\/index.php\/fr\/elevation-de-personnes-nacelle\/\"]}]},{\"@type\":\"BreadcrumbList\",\"@id\":\"https:\/\/intergrues.ma\/index.php\/fr\/elevation-de-personnes-nacelle\/#breadcrumb\",\"itemListElement\":[{\"@type\":\"ListItem\",\"position\":1,\"name\":\"Accueil\",\"item\":\"https:\/\/intergrues.ma\/\"},{\"@type\":\"ListItem\",\"position\":2,\"name\":\"E\u0301le\u0301vation de personnes\"}]},{\"@type\":\"WebSite\",\"@id\":\"https:\/\/intergrues.ma\/#website\",\"url\":\"https:\/\/intergrues.ma\/\",\"name\":\"Intergrues-Sp\u00e9cialiste de la location des Grues mobiles, chariots \u00e9l\u00e9vateurs, mat\u00e9riel de manutention, transports sp\u00e9ciaux et nacelles\",\"description\":\"Location et vente de mat\u00e9riel de levage: grues, nacelles, plate-formes.\",\"potentialAction\":[{\"@type\":\"SearchAction\",\"target\":{\"@type\":\"EntryPoint\",\"urlTemplate\":\"https:\/\/intergrues.ma\/?s={search_term_string}\"},\"query-input\":{\"@type\":\"PropertyValueSpecification\",\"valueRequired\":true,\"valueName\":\"search_term_string\"}}],\"inLanguage\":\"fr-FR\"}]}<\/script>\n<!-- \/ Yoast SEO Premium plugin. -->","yoast_head_json":{"title":"E\u0301le\u0301vation de personnes - Intergrues-Sp\u00e9cialiste de la location des Grues mobiles, chariots \u00e9l\u00e9vateurs, mat\u00e9riel du levage et manutention, transports sp\u00e9ciaux et nacelles","description":"Location de grues. Nous vous proposons des grues mobiles sur pneus en location. Pour vos besoins de levage vous pouvez nous","robots":{"index":"index","follow":"follow","max-snippet":"max-snippet:-1","max-image-preview":"max-image-preview:large","max-video-preview":"max-video-preview:-1"},"canonical":"https:\/\/intergrues.ma\/index.php\/fr\/elevation-de-personnes-nacelle\/","og_locale":"fr_FR","og_type":"article","og_title":"E\u0301le\u0301vation de personnes","og_description":"Location de grues. Nous vous proposons des grues mobiles sur pneus en location. Pour vos besoins de levage vous pouvez nous","og_url":"https:\/\/intergrues.ma\/index.php\/fr\/elevation-de-personnes-nacelle\/","og_site_name":"Intergrues-Sp\u00e9cialiste de la location des Grues mobiles, chariots \u00e9l\u00e9vateurs, mat\u00e9riel du levage et manutention, transports sp\u00e9ciaux et nacelles","article_modified_time":"2025-09-16T15:13:14+00:00","twitter_card":"summary_large_image","twitter_misc":{"Dur\u00e9e de lecture estim\u00e9e":"5 minutes"},"schema":{"@context":"https:\/\/schema.org","@graph":[{"@type":"WebPage","@id":"https:\/\/intergrues.ma\/index.php\/fr\/elevation-de-personnes-nacelle\/","url":"https:\/\/intergrues.ma\/index.php\/fr\/elevation-de-personnes-nacelle\/","name":"E\u0301le\u0301vation de personnes - Intergrues-Sp\u00e9cialiste de la location des Grues mobiles, chariots \u00e9l\u00e9vateurs, mat\u00e9riel du levage et manutention, transports sp\u00e9ciaux et nacelles","isPartOf":{"@id":"https:\/\/intergrues.ma\/#website"},"datePublished":"2021-06-06T10:29:44+00:00","dateModified":"2025-09-16T15:13:14+00:00","description":"Location de grues. Nous vous proposons des grues mobiles sur pneus en location. Pour vos besoins de levage vous pouvez nous","breadcrumb":{"@id":"https:\/\/intergrues.ma\/index.php\/fr\/elevation-de-personnes-nacelle\/#breadcrumb"},"inLanguage":"fr-FR","potentialAction":[{"@type":"ReadAction","target":["https:\/\/intergrues.ma\/index.php\/fr\/elevation-de-personnes-nacelle\/"]}]},{"@type":"BreadcrumbList","@id":"https:\/\/intergrues.ma\/index.php\/fr\/elevation-de-personnes-nacelle\/#breadcrumb","itemListElement":[{"@type":"ListItem","position":1,"name":"Accueil","item":"https:\/\/intergrues.ma\/"},{"@type":"ListItem","position":2,"name":"E\u0301le\u0301vation de personnes"}]},{"@type":"WebSite","@id":"https:\/\/intergrues.ma\/#website","url":"https:\/\/intergrues.ma\/","name":"Intergrues-Sp\u00e9cialiste de la location des Grues mobiles, chariots \u00e9l\u00e9vateurs, mat\u00e9riel de manutention, transports sp\u00e9ciaux et nacelles","description":"Location et vente de mat\u00e9riel de levage: grues, nacelles, plate-formes.","potentialAction":[{"@type":"SearchAction","target":{"@type":"EntryPoint","urlTemplate":"https:\/\/intergrues.ma\/?s={search_term_string}"},"query-input":{"@type":"PropertyValueSpecification","valueRequired":true,"valueName":"search_term_string"}}],"inLanguage":"fr-FR"}]}},"_links":{"self":[{"href":"https:\/\/intergrues.ma\/index.php\/wp-json\/wp\/v2\/pages\/224","targetHints":{"allow":["GET"]}}],"collection":[{"href":"https:\/\/intergrues.ma\/index.php\/wp-json\/wp\/v2\/pages"}],"about":[{"href":"https:\/\/intergrues.ma\/index.php\/wp-json\/wp\/v2\/types\/page"}],"author":[{"embeddable":true,"href":"https:\/\/intergrues.ma\/index.php\/wp-json\/wp\/v2\/users\/1"}],"replies":[{"embeddable":true,"href":"https:\/\/intergrues.ma\/index.php\/wp-json\/wp\/v2\/comments?post=224"}],"version-history":[{"count":5,"href":"https:\/\/intergrues.ma\/index.php\/wp-json\/wp\/v2\/pages\/224\/revisions"}],"predecessor-version":[{"id":578,"href":"https:\/\/intergrues.ma\/index.php\/wp-json\/wp\/v2\/pages\/224\/revisions\/578"}],"wp:attachment":[{"href":"https:\/\/intergrues.ma\/index.php\/wp-json\/wp\/v2\/media?parent=224"}],"curies":[{"name":"wp","href":"https:\/\/api.w.org\/{rel}","templated":true}]}}