{"id":251,"date":"2021-06-05T17:52:02","date_gmt":"2021-06-05T16:52:02","guid":{"rendered":"https:\/\/intergrues.ma\/?page_id=251"},"modified":"2021-06-06T14:36:29","modified_gmt":"2021-06-06T13:36:29","slug":"evacuation-des-dechets","status":"publish","type":"page","link":"https:\/\/intergrues.ma\/index.php\/fr\/evacuation-des-dechets\/","title":{"rendered":"D\u00e9molition de b\u00e2timents"},"content":{"rendered":"<p>[vc_row type=\u00a0\u00bbvc_default\u00a0\u00bb equal_height=\u00a0\u00bbyes\u00a0\u00bb css=\u00a0\u00bb.vc_custom_1622372902009{margin-bottom: 70px !important;background-image: url(https:\/\/intergrues.ma\/wp-content\/uploads\/2021\/05\/demolution3-1.jpeg?id=437) !important;}\u00a0\u00bb][vc_column width=\u00a0\u00bb1\/2&Prime; css=\u00a0\u00bb.vc_custom_1621678235789{background-color: #ededed !important;}\u00a0\u00bb][vc_row_inner][vc_column_inner offset=\u00a0\u00bbvc_hidden-lg vc_hidden-md vc_hidden-sm\u00a0\u00bb][vc_single_image image=\u00a0\u00bb437&Prime; img_size=\u00a0\u00bbfull\u00a0\u00bb][\/vc_column_inner][\/vc_row_inner][vc_row_inner css=\u00a0\u00bb.vc_custom_1621691717089{margin-top: 50px !important;margin-bottom: 50px !important;}\u00a0\u00bb][vc_column_inner css=\u00a0\u00bb.vc_custom_1621677723107{padding-top: 30px !important;padding-right: 30px !important;padding-bottom: 30px !important;padding-left: 30px !important;}\u00a0\u00bb]<div class=\"standard-arrow bullet-top\"><h4><span style=\"font-weight: 400;\">D\u00e9molition totale ou partielle de b\u00e2timents dans la Manche<\/span><\/h4>\n<p><span style=\"font-weight: 400;\">Chaque chantier de\u00a0<\/span><b>d\u00e9molition de b\u00e2timent<\/b><span style=\"font-weight: 400;\">\u00a0apporte une quantit\u00e9 de d\u00e9chets \u00e0 trier, d\u00e9barrasser, recycler et valoriser. Nous vous assistons ainsi dans l\u2019op\u00e9ration de curage, vous permettant de vider les b\u00e2timents de tous les \u00e9l\u00e9ments non constructifs, et d\u2019\u00e9vacuer cloisons de pl\u00e2tre, mobiliers, encombrants et autres.<\/span><\/p>\n<p><span style=\"font-weight: 400;\">Notre\u00a0<\/span><b>entreprise de d\u00e9molition<\/b><span style=\"font-weight: 400;\">\u00a0et notre \u00e9quipe vous proposent la\u00a0<\/span><b>location de pelle \u00e0 pneus mont\u00e9e<\/b><span style=\"font-weight: 400;\">\u00a0avec une pince de tri, une machine de tri efficace compl\u00e9t\u00e9e par un concasseur et un engin de criblage. Le tri, l\u2019enl\u00e8vement et le recyclage des mat\u00e9riaux sont ainsi des plus efficaces et vos travaux de d\u00e9construction, efficients\u00a0!<\/span><\/p>\n<\/div>[vc_empty_space]<div class=\" ubtn-ctn-center \"><a class=\"ubtn-link ult-adjust-bottom-margin ubtn-center ubtn-large \" href=\"https:\/\/intergrues.ma\/index.php\/contact\/\" title=\"Contact\" ><button type=\"button\" id=\"ubtn-3459\"  class=\"ubtn ult-adjust-bottom-margin ult-responsive ubtn-large ubtn-no-hover-bg  none  ubtn-center   tooltip-69f4df09cae20\"  data-hover=\"#ffffff\" data-border-color=\"#6d6d6d\" data-bg=\"\" data-hover-bg=\"#6d6d6d\" data-border-hover=\"#ffffff\" data-shadow-hover=\"\" data-shadow-click=\"none\" data-shadow=\"\" data-shd-shadow=\"\"  data-ultimate-target='#ubtn-3459'  data-responsive-json-new='{\"font-size\":\"desktop:18px;\",\"line-height\":\"\"}'  style=\"font-weight:normal;border-radius:8px;border-width:1px;border-color:#6d6d6d;border-style:solid;color: #6d6d6d;\"><span class=\"ubtn-hover\" style=\"background-color:#6d6d6d\"><\/span><span class=\"ubtn-data ubtn-text \" >Nous contacter<\/span><\/button><\/a><\/div>[\/vc_column_inner][\/vc_row_inner][\/vc_column][vc_column width=\u00a0\u00bb1\/2&Prime; css=\u00a0\u00bb.vc_custom_1622986581678{background: #cccccc url(https:\/\/intergrues.ma\/wp-content\/uploads\/2021\/05\/demolution3-1.jpeg?id=437) !important;background-position: center !important;background-repeat: no-repeat !important;background-size: cover !important;}\u00a0\u00bb offset=\u00a0\u00bbvc_hidden-xs\u00a0\u00bb][\/vc_column][\/vc_row][vc_row][vc_column width=\u00a0\u00bb1\/4&Prime;]<div class=\"ult-new-ib ult-ib-effect-style2  ult-ib-resp ult-ib2-min-height \" data-min-width=\"768\" data-max-width=\"900\" style=\"background:#471f09; opacity:0; \" data-opacity=\"0.6\" data-hover-opacity=\"0.8\"  data-min-height=\"300\" ><img decoding=\"async\" class=\"ult-new-ib-img\" style=\"opacity:0.6;\" alt=\"null\" src=\"https:\/\/intergrues.ma\/wp-content\/uploads\/2021\/05\/IMG-20210419-WA0008.jpg\"  data-min-height=\"300\"   \/><div id=\"interactive-banner-wrap-2891\" class=\"ult-new-ib-desc\" style=\"\"><h2 class=\"ult-new-ib-title ult-responsive\"  data-ultimate-target='#interactive-banner-wrap-2891 .ult-new-ib-title'  data-responsive-json-new='{\"font-size\":\"desktop:24px;\",\"line-height\":\"\"}'  style=\"font-weight:normal;color:#ffffff;\">LEVAGE ET MANUTENTION<\/h2><\/div><a class=\"ult-new-ib-link\" href=\"https:\/\/intergrues.ma\/index.php\/nos-produits\/levage-et-manutention\/\" title=\"Levage et manutention\"  ><\/a><\/div><script type=\"text\/javascript\">\r\n\t\t\t(function($){\r\n\t\t\t\t$(document).ready(function(){\r\n\t\t\t\t\t$(\".ult-new-ib\").css(\"opacity\",\"1\");\r\n\t\t\t\t});\r\n\t\t\t})(jQuery);\r\n\t\t\t<\/script>[\/vc_column][vc_column width=\u00a0\u00bb1\/4&Prime;]<div class=\"ult-new-ib ult-ib-effect-style2  ult-ib-resp ult-ib2-min-height \" data-min-width=\"768\" data-max-width=\"900\" style=\"background:#471f09; opacity:0; \" data-opacity=\"0.6\" data-hover-opacity=\"0.8\"  data-min-height=\"300\" ><img decoding=\"async\" class=\"ult-new-ib-img\" style=\"opacity:0.6;\" alt=\"null\" src=\"https:\/\/intergrues.ma\/wp-content\/uploads\/2016\/04\/3.png\"  data-min-height=\"300\"   \/><div id=\"interactive-banner-wrap-8059\" class=\"ult-new-ib-desc\" style=\"\"><h2 class=\"ult-new-ib-title ult-responsive\"  data-ultimate-target='#interactive-banner-wrap-8059 .ult-new-ib-title'  data-responsive-json-new='{\"font-size\":\"desktop:24px;\",\"line-height\":\"\"}'  style=\"font-weight:normal;color:#ffffff;\">TRANSFERT D'UNIT\u00c9 DE PRODUCTION<\/h2><\/div><a class=\"ult-new-ib-link\" href=\"https:\/\/intergrues.ma\/index.php\/nos-produits\/transfert-dunites-de-production\/\" title=\"Levage et manutention\"  ><\/a><\/div><script type=\"text\/javascript\">\r\n\t\t\t(function($){\r\n\t\t\t\t$(document).ready(function(){\r\n\t\t\t\t\t$(\".ult-new-ib\").css(\"opacity\",\"1\");\r\n\t\t\t\t});\r\n\t\t\t})(jQuery);\r\n\t\t\t<\/script>[\/vc_column][vc_column width=\u00a0\u00bb1\/4&Prime;]<div class=\"ult-new-ib ult-ib-effect-style2  ult-ib-resp ult-ib2-min-height \" data-min-width=\"768\" data-max-width=\"900\" style=\"background:#471f09; opacity:0; \" data-opacity=\"0.6\" data-hover-opacity=\"0.8\"  data-min-height=\"300\" ><img decoding=\"async\" class=\"ult-new-ib-img\" style=\"opacity:0.6;\" alt=\"null\" src=\"https:\/\/intergrues.ma\/wp-content\/uploads\/2021\/05\/IMG-20210407-WA0010.jpg\"  data-min-height=\"300\"   \/><div id=\"interactive-banner-wrap-7762\" class=\"ult-new-ib-desc\" style=\"\"><h2 class=\"ult-new-ib-title ult-responsive\"  data-ultimate-target='#interactive-banner-wrap-7762 .ult-new-ib-title'  data-responsive-json-new='{\"font-size\":\"desktop:24px;\",\"line-height\":\"\"}'  style=\"font-weight:normal;color:#ffffff;\">TRANSPORT TECHNIQUE<\/h2><\/div><a class=\"ult-new-ib-link\" href=\"https:\/\/intergrues.ma\/index.php\/nos-produits\/transport-technique\/\" title=\"Levage et manutention\"  ><\/a><\/div><script type=\"text\/javascript\">\r\n\t\t\t(function($){\r\n\t\t\t\t$(document).ready(function(){\r\n\t\t\t\t\t$(\".ult-new-ib\").css(\"opacity\",\"1\");\r\n\t\t\t\t});\r\n\t\t\t})(jQuery);\r\n\t\t\t<\/script>[\/vc_column][vc_column width=\u00a0\u00bb1\/4&Prime;]<div class=\"ult-new-ib ult-ib-effect-style2  ult-ib-resp ult-ib2-min-height \" data-min-width=\"768\" data-max-width=\"900\" style=\"background:#471f09; opacity:0; \" data-opacity=\"0.6\" data-hover-opacity=\"0.8\"  data-min-height=\"300\" ><img decoding=\"async\" class=\"ult-new-ib-img\" style=\"opacity:0.6;\" alt=\"null\" src=\"https:\/\/intergrues.ma\/wp-content\/uploads\/2021\/05\/IMG-20210317-WA0022.jpg\"  data-min-height=\"300\"   \/><div id=\"interactive-banner-wrap-4418\" class=\"ult-new-ib-desc\" style=\"\"><h2 class=\"ult-new-ib-title ult-responsive\"  data-ultimate-target='#interactive-banner-wrap-4418 .ult-new-ib-title'  data-responsive-json-new='{\"font-size\":\"desktop:24px;\",\"line-height\":\"\"}'  style=\"font-weight:normal;color:#ffffff;\">\u00c9LEVATION DE PERSONNE<\/h2><\/div><a class=\"ult-new-ib-link\" href=\"https:\/\/intergrues.ma\/index.php\/elevation-de-personnes\/\" title=\"Levage et manutention\"  ><\/a><\/div><script type=\"text\/javascript\">\r\n\t\t\t(function($){\r\n\t\t\t\t$(document).ready(function(){\r\n\t\t\t\t\t$(\".ult-new-ib\").css(\"opacity\",\"1\");\r\n\t\t\t\t});\r\n\t\t\t})(jQuery);\r\n\t\t\t<\/script>[\/vc_column][\/vc_row][vc_row][vc_column width=\u00a0\u00bb1\/4&Prime;]<div class=\"ult-new-ib ult-ib-effect-style2  ult-ib-resp ult-ib2-min-height \" data-min-width=\"768\" data-max-width=\"900\" style=\"background:#471f09; opacity:0; \" data-opacity=\"0.6\" data-hover-opacity=\"0.8\"  data-min-height=\"300\" ><img decoding=\"async\" class=\"ult-new-ib-img\" style=\"opacity:0.6;\" alt=\"null\" src=\"https:\/\/intergrues.ma\/wp-content\/uploads\/2021\/05\/IMG-20210312-WA0053.jpg\"  data-min-height=\"300\"   \/><div id=\"interactive-banner-wrap-9104\" class=\"ult-new-ib-desc\" style=\"\"><h2 class=\"ult-new-ib-title ult-responsive\"  data-ultimate-target='#interactive-banner-wrap-9104 .ult-new-ib-title'  data-responsive-json-new='{\"font-size\":\"desktop:24px;\",\"line-height\":\"\"}'  style=\"font-weight:normal;color:#ffffff;\">WAREHOUSING LOGISTIQUE<\/h2><\/div><a class=\"ult-new-ib-link\" href=\"https:\/\/intergrues.ma\/index.php\/warehousing-et-logistique\/\" title=\"Levage et manutention\"  ><\/a><\/div><script type=\"text\/javascript\">\r\n\t\t\t(function($){\r\n\t\t\t\t$(document).ready(function(){\r\n\t\t\t\t\t$(\".ult-new-ib\").css(\"opacity\",\"1\");\r\n\t\t\t\t});\r\n\t\t\t})(jQuery);\r\n\t\t\t<\/script>[\/vc_column][vc_column width=\u00a0\u00bb1\/4&Prime;]<div class=\"ult-new-ib ult-ib-effect-style2  ult-ib-resp ult-ib2-min-height \" data-min-width=\"768\" data-max-width=\"900\" style=\"background:#471f09; opacity:0; \" data-opacity=\"0.6\" data-hover-opacity=\"0.8\"  data-min-height=\"300\" ><img decoding=\"async\" class=\"ult-new-ib-img\" style=\"opacity:0.6;\" alt=\"null\" src=\"https:\/\/intergrues.ma\/wp-content\/uploads\/2021\/05\/les-travaux-de-terrassement-771-1200-800.jpeg\"  data-min-height=\"300\"   \/><div id=\"interactive-banner-wrap-7689\" class=\"ult-new-ib-desc\" style=\"\"><h2 class=\"ult-new-ib-title ult-responsive\"  data-ultimate-target='#interactive-banner-wrap-7689 .ult-new-ib-title'  data-responsive-json-new='{\"font-size\":\"desktop:24px;\",\"line-height\":\"\"}'  style=\"font-weight:normal;color:#ffffff;\">TERRASSEMENT<\/h2><\/div><a class=\"ult-new-ib-link\" href=\"https:\/\/intergrues.ma\/index.php\/terrassement\/\" title=\"Levage et manutention\"  ><\/a><\/div><script type=\"text\/javascript\">\r\n\t\t\t(function($){\r\n\t\t\t\t$(document).ready(function(){\r\n\t\t\t\t\t$(\".ult-new-ib\").css(\"opacity\",\"1\");\r\n\t\t\t\t});\r\n\t\t\t})(jQuery);\r\n\t\t\t<\/script>[\/vc_column][vc_column width=\u00a0\u00bb1\/4&Prime;]<div class=\"ult-new-ib ult-ib-effect-style2  ult-ib-resp ult-ib2-min-height \" data-min-width=\"768\" data-max-width=\"900\" style=\"background:#471f09; opacity:0; \" data-opacity=\"0.6\" data-hover-opacity=\"0.8\"  data-min-height=\"300\" ><img decoding=\"async\" class=\"ult-new-ib-img\" style=\"opacity:0.6;\" alt=\"null\" src=\"https:\/\/intergrues.ma\/wp-content\/uploads\/2021\/05\/Energie-Renouvelable.jpeg\"  data-min-height=\"300\"   \/><div id=\"interactive-banner-wrap-4292\" class=\"ult-new-ib-desc\" style=\"\"><h2 class=\"ult-new-ib-title ult-responsive\"  data-ultimate-target='#interactive-banner-wrap-4292 .ult-new-ib-title'  data-responsive-json-new='{\"font-size\":\"desktop:24px;\",\"line-height\":\"\"}'  style=\"font-weight:normal;color:#ffffff;\">\u00c9NERGIE<\/h2><\/div><a class=\"ult-new-ib-link\" href=\"https:\/\/intergrues.ma\/index.php\/energie\/\" title=\"Levage et manutention\"  ><\/a><\/div><script type=\"text\/javascript\">\r\n\t\t\t(function($){\r\n\t\t\t\t$(document).ready(function(){\r\n\t\t\t\t\t$(\".ult-new-ib\").css(\"opacity\",\"1\");\r\n\t\t\t\t});\r\n\t\t\t})(jQuery);\r\n\t\t\t<\/script>[\/vc_column][vc_column width=\u00a0\u00bb1\/4&Prime;]<div class=\"ult-new-ib ult-ib-effect-style2  ult-ib-resp ult-ib2-min-height \" data-min-width=\"768\" data-max-width=\"900\" style=\"background:#471f09; opacity:0; \" data-opacity=\"0.6\" data-hover-opacity=\"0.8\"  data-min-height=\"300\" ><img decoding=\"async\" class=\"ult-new-ib-img\" style=\"opacity:0.6;\" alt=\"null\" src=\"https:\/\/intergrues.ma\/wp-content\/uploads\/2021\/05\/grue-souleve-bennes.jpeg\"  data-min-height=\"300\"   \/><div id=\"interactive-banner-wrap-1166\" class=\"ult-new-ib-desc\" style=\"\"><h2 class=\"ult-new-ib-title ult-responsive\"  data-ultimate-target='#interactive-banner-wrap-1166 .ult-new-ib-title'  data-responsive-json-new='{\"font-size\":\"desktop:24px;\",\"line-height\":\"\"}'  style=\"font-weight:normal;color:#ffffff;\">\u00c9VACUATION DES D\u00c9CHETS<\/h2><\/div><a class=\"ult-new-ib-link\" href=\"https:\/\/intergrues.ma\/index.php\/evacuation-des-dechets\/\" title=\"Levage et manutention\"  ><\/a><\/div><script type=\"text\/javascript\">\r\n\t\t\t(function($){\r\n\t\t\t\t$(document).ready(function(){\r\n\t\t\t\t\t$(\".ult-new-ib\").css(\"opacity\",\"1\");\r\n\t\t\t\t});\r\n\t\t\t})(jQuery);\r\n\t\t\t<\/script>[\/vc_column][\/vc_row]<\/p>\n","protected":false},"excerpt":{"rendered":"<p>[vc_row type=\u00a0\u00bbvc_default\u00a0\u00bb equal_height=\u00a0\u00bbyes\u00a0\u00bb css=\u00a0\u00bb.vc_custom_1622372902009{margin-bottom: 70px !important;background-image: url(https:\/\/intergrues.ma\/wp-content\/uploads\/2021\/05\/demolution3-1.jpeg?id=437) !important;}\u00a0\u00bb][vc_column width=\u00a0\u00bb1\/2&Prime; css=\u00a0\u00bb.vc_custom_1621678235789{background-color: #ededed !important;}\u00a0\u00bb][vc_row_inner][vc_column_inner offset=\u00a0\u00bbvc_hidden-lg vc_hidden-md vc_hidden-sm\u00a0\u00bb][vc_single_image image=\u00a0\u00bb437&Prime; img_size=\u00a0\u00bbfull\u00a0\u00bb][\/vc_column_inner][\/vc_row_inner][vc_row_inner css=\u00a0\u00bb.vc_custom_1621691717089{margin-top: 50px !important;margin-bottom: 50px !important;}\u00a0\u00bb][vc_column_inner css=\u00a0\u00bb.vc_custom_1621677723107{padding-top: 30px !important;padding-right: 30px !important;padding-bottom: 30px !important;padding-left: 30px !important;}\u00a0\u00bb][vc_empty_space][\/vc_column_inner][\/vc_row_inner][\/vc_column][vc_column width=\u00a0\u00bb1\/2&Prime; css=\u00a0\u00bb.vc_custom_1622986581678{background: #cccccc url(https:\/\/intergrues.ma\/wp-content\/uploads\/2021\/05\/demolution3-1.jpeg?id=437) !important;background-position: center !important;background-repeat: no-repeat !important;background-size: cover !important;}\u00a0\u00bb offset=\u00a0\u00bbvc_hidden-xs\u00a0\u00bb][\/vc_column][\/vc_row][vc_row][vc_column width=\u00a0\u00bb1\/4&Prime;][\/vc_column][vc_column width=\u00a0\u00bb1\/4&Prime;][\/vc_column][vc_column width=\u00a0\u00bb1\/4&Prime;][\/vc_column][vc_column width=\u00a0\u00bb1\/4&Prime;][\/vc_column][\/vc_row][vc_row][vc_column width=\u00a0\u00bb1\/4&Prime;][\/vc_column][vc_column width=\u00a0\u00bb1\/4&Prime;][\/vc_column][vc_column width=\u00a0\u00bb1\/4&Prime;][\/vc_column][vc_column width=\u00a0\u00bb1\/4&Prime;][\/vc_column][\/vc_row]<\/p>\n","protected":false},"author":1,"featured_media":0,"parent":0,"menu_order":0,"comment_status":"closed","ping_status":"closed","template":"","meta":[],"class_list":["post-251","page","type-page","status-publish","hentry","description-off"],"yoast_head":"<!-- This site is optimized with the Yoast SEO Premium plugin v24.4 (Yoast SEO v24.4) - https:\/\/yoast.com\/wordpress\/plugins\/seo\/ -->\n<title>D\u00e9molition de b\u00e2timents - Intergrues-Sp\u00e9cialiste de la location des Grues mobiles, chariots \u00e9l\u00e9vateurs, mat\u00e9riel du levage et manutention, transports sp\u00e9ciaux et nacelles<\/title>\n<meta name=\"description\" content=\"Location de grues. Nous vous proposons des grues mobiles sur pneus en location. Pour vos besoins de levage vous pouvez nous\" \/>\n<meta name=\"robots\" content=\"index, follow, max-snippet:-1, max-image-preview:large, max-video-preview:-1\" \/>\n<link rel=\"canonical\" href=\"https:\/\/intergrues.ma\/index.php\/fr\/evacuation-des-dechets\/\" \/>\n<meta property=\"og:locale\" content=\"fr_FR\" \/>\n<meta property=\"og:type\" content=\"article\" \/>\n<meta property=\"og:title\" content=\"D\u00e9molition de b\u00e2timents\" \/>\n<meta property=\"og:description\" content=\"Location de grues. Nous vous proposons des grues mobiles sur pneus en location. Pour vos besoins de levage vous pouvez nous\" \/>\n<meta property=\"og:url\" content=\"https:\/\/intergrues.ma\/index.php\/fr\/evacuation-des-dechets\/\" \/>\n<meta property=\"og:site_name\" content=\"Intergrues-Sp\u00e9cialiste de la location des Grues mobiles, chariots \u00e9l\u00e9vateurs, mat\u00e9riel du levage et manutention, transports sp\u00e9ciaux et nacelles\" \/>\n<meta property=\"article:modified_time\" content=\"2021-06-06T13:36:29+00:00\" \/>\n<meta name=\"twitter:card\" content=\"summary_large_image\" \/>\n<meta name=\"twitter:label1\" content=\"Dur\u00e9e de lecture estim\u00e9e\" \/>\n\t<meta name=\"twitter:data1\" content=\"5 minutes\" \/>\n<script type=\"application\/ld+json\" class=\"yoast-schema-graph\">{\"@context\":\"https:\/\/schema.org\",\"@graph\":[{\"@type\":\"WebPage\",\"@id\":\"https:\/\/intergrues.ma\/index.php\/fr\/evacuation-des-dechets\/\",\"url\":\"https:\/\/intergrues.ma\/index.php\/fr\/evacuation-des-dechets\/\",\"name\":\"D\u00e9molition de b\u00e2timents - Intergrues-Sp\u00e9cialiste de la location des Grues mobiles, chariots \u00e9l\u00e9vateurs, mat\u00e9riel du levage et manutention, transports sp\u00e9ciaux et nacelles\",\"isPartOf\":{\"@id\":\"https:\/\/intergrues.ma\/#website\"},\"datePublished\":\"2021-06-05T16:52:02+00:00\",\"dateModified\":\"2021-06-06T13:36:29+00:00\",\"description\":\"Location de grues. Nous vous proposons des grues mobiles sur pneus en location. Pour vos besoins de levage vous pouvez nous\",\"breadcrumb\":{\"@id\":\"https:\/\/intergrues.ma\/index.php\/fr\/evacuation-des-dechets\/#breadcrumb\"},\"inLanguage\":\"fr-FR\",\"potentialAction\":[{\"@type\":\"ReadAction\",\"target\":[\"https:\/\/intergrues.ma\/index.php\/fr\/evacuation-des-dechets\/\"]}]},{\"@type\":\"BreadcrumbList\",\"@id\":\"https:\/\/intergrues.ma\/index.php\/fr\/evacuation-des-dechets\/#breadcrumb\",\"itemListElement\":[{\"@type\":\"ListItem\",\"position\":1,\"name\":\"Accueil\",\"item\":\"https:\/\/intergrues.ma\/\"},{\"@type\":\"ListItem\",\"position\":2,\"name\":\"D\u00e9molition de b\u00e2timents\"}]},{\"@type\":\"WebSite\",\"@id\":\"https:\/\/intergrues.ma\/#website\",\"url\":\"https:\/\/intergrues.ma\/\",\"name\":\"Intergrues-Sp\u00e9cialiste de la location des Grues mobiles, chariots \u00e9l\u00e9vateurs, mat\u00e9riel de manutention, transports sp\u00e9ciaux et nacelles\",\"description\":\"Location et vente de mat\u00e9riel de levage: grues, nacelles, plate-formes.\",\"potentialAction\":[{\"@type\":\"SearchAction\",\"target\":{\"@type\":\"EntryPoint\",\"urlTemplate\":\"https:\/\/intergrues.ma\/?s={search_term_string}\"},\"query-input\":{\"@type\":\"PropertyValueSpecification\",\"valueRequired\":true,\"valueName\":\"search_term_string\"}}],\"inLanguage\":\"fr-FR\"}]}<\/script>\n<!-- \/ Yoast SEO Premium plugin. -->","yoast_head_json":{"title":"D\u00e9molition de b\u00e2timents - Intergrues-Sp\u00e9cialiste de la location des Grues mobiles, chariots \u00e9l\u00e9vateurs, mat\u00e9riel du levage et manutention, transports sp\u00e9ciaux et nacelles","description":"Location de grues. Nous vous proposons des grues mobiles sur pneus en location. Pour vos besoins de levage vous pouvez nous","robots":{"index":"index","follow":"follow","max-snippet":"max-snippet:-1","max-image-preview":"max-image-preview:large","max-video-preview":"max-video-preview:-1"},"canonical":"https:\/\/intergrues.ma\/index.php\/fr\/evacuation-des-dechets\/","og_locale":"fr_FR","og_type":"article","og_title":"D\u00e9molition de b\u00e2timents","og_description":"Location de grues. Nous vous proposons des grues mobiles sur pneus en location. Pour vos besoins de levage vous pouvez nous","og_url":"https:\/\/intergrues.ma\/index.php\/fr\/evacuation-des-dechets\/","og_site_name":"Intergrues-Sp\u00e9cialiste de la location des Grues mobiles, chariots \u00e9l\u00e9vateurs, mat\u00e9riel du levage et manutention, transports sp\u00e9ciaux et nacelles","article_modified_time":"2021-06-06T13:36:29+00:00","twitter_card":"summary_large_image","twitter_misc":{"Dur\u00e9e de lecture estim\u00e9e":"5 minutes"},"schema":{"@context":"https:\/\/schema.org","@graph":[{"@type":"WebPage","@id":"https:\/\/intergrues.ma\/index.php\/fr\/evacuation-des-dechets\/","url":"https:\/\/intergrues.ma\/index.php\/fr\/evacuation-des-dechets\/","name":"D\u00e9molition de b\u00e2timents - Intergrues-Sp\u00e9cialiste de la location des Grues mobiles, chariots \u00e9l\u00e9vateurs, mat\u00e9riel du levage et manutention, transports sp\u00e9ciaux et nacelles","isPartOf":{"@id":"https:\/\/intergrues.ma\/#website"},"datePublished":"2021-06-05T16:52:02+00:00","dateModified":"2021-06-06T13:36:29+00:00","description":"Location de grues. Nous vous proposons des grues mobiles sur pneus en location. Pour vos besoins de levage vous pouvez nous","breadcrumb":{"@id":"https:\/\/intergrues.ma\/index.php\/fr\/evacuation-des-dechets\/#breadcrumb"},"inLanguage":"fr-FR","potentialAction":[{"@type":"ReadAction","target":["https:\/\/intergrues.ma\/index.php\/fr\/evacuation-des-dechets\/"]}]},{"@type":"BreadcrumbList","@id":"https:\/\/intergrues.ma\/index.php\/fr\/evacuation-des-dechets\/#breadcrumb","itemListElement":[{"@type":"ListItem","position":1,"name":"Accueil","item":"https:\/\/intergrues.ma\/"},{"@type":"ListItem","position":2,"name":"D\u00e9molition de b\u00e2timents"}]},{"@type":"WebSite","@id":"https:\/\/intergrues.ma\/#website","url":"https:\/\/intergrues.ma\/","name":"Intergrues-Sp\u00e9cialiste de la location des Grues mobiles, chariots \u00e9l\u00e9vateurs, mat\u00e9riel de manutention, transports sp\u00e9ciaux et nacelles","description":"Location et vente de mat\u00e9riel de levage: grues, nacelles, plate-formes.","potentialAction":[{"@type":"SearchAction","target":{"@type":"EntryPoint","urlTemplate":"https:\/\/intergrues.ma\/?s={search_term_string}"},"query-input":{"@type":"PropertyValueSpecification","valueRequired":true,"valueName":"search_term_string"}}],"inLanguage":"fr-FR"}]}},"_links":{"self":[{"href":"https:\/\/intergrues.ma\/index.php\/wp-json\/wp\/v2\/pages\/251","targetHints":{"allow":["GET"]}}],"collection":[{"href":"https:\/\/intergrues.ma\/index.php\/wp-json\/wp\/v2\/pages"}],"about":[{"href":"https:\/\/intergrues.ma\/index.php\/wp-json\/wp\/v2\/types\/page"}],"author":[{"embeddable":true,"href":"https:\/\/intergrues.ma\/index.php\/wp-json\/wp\/v2\/users\/1"}],"replies":[{"embeddable":true,"href":"https:\/\/intergrues.ma\/index.php\/wp-json\/wp\/v2\/comments?post=251"}],"version-history":[{"count":7,"href":"https:\/\/intergrues.ma\/index.php\/wp-json\/wp\/v2\/pages\/251\/revisions"}],"predecessor-version":[{"id":598,"href":"https:\/\/intergrues.ma\/index.php\/wp-json\/wp\/v2\/pages\/251\/revisions\/598"}],"wp:attachment":[{"href":"https:\/\/intergrues.ma\/index.php\/wp-json\/wp\/v2\/media?parent=251"}],"curies":[{"name":"wp","href":"https:\/\/api.w.org\/{rel}","templated":true}]}}