{"id":496,"date":"2021-06-06T11:39:44","date_gmt":"2021-06-06T10:39:44","guid":{"rendered":"https:\/\/intergrues.ma\/?page_id=496"},"modified":"2025-09-11T01:19:52","modified_gmt":"2025-09-11T00:19:52","slug":"qui-sommes-nous-2","status":"publish","type":"page","link":"https:\/\/intergrues.ma\/index.php\/en\/qui-sommes-nous-2\/","title":{"rendered":"ABOUT US"},"content":{"rendered":"<p>[vc_row type=\u00a0\u00bbvc_default\u00a0\u00bb equal_height=\u00a0\u00bbyes\u00a0\u00bb][vc_column width=\u00a0\u00bb1\/2&Prime; css=\u00a0\u00bb.vc_custom_1621676502536{padding-top: 30px !important;padding-right: 30px !important;padding-bottom: 30px !important;padding-left: 30px !important;background-color: #f2f2f2 !important;}\u00a0\u00bb][vc_row_inner css=\u00a0\u00bb.vc_custom_1621677312921{margin-top: 50px !important;margin-bottom: 50px !important;}\u00a0\u00bb][vc_column_inner]<div class=\"standard-arrow bullet-top\"><p><strong>Intergrues<\/strong> is a\u00a0\u00a0<strong>crane rental and lift solutions company<\/strong>\u00a0specializing in\u00a0<strong>crane rental<\/strong> and turnkey lifting services including operated, maintained, and bare rentals. As specialists within our field, we offer innovative solutions to meet your project\u2019s needs. With one of the most modern and extensive fleets of\u00a0 cranes in the country. Intergrues can supply you with equipment with a range of capacities. Situated in over different locations, each branch can provide management services, including transportation, risk management, safety and insurance programs that are unparalleled in the industry. With our expansive resources, we are a one-stop shop for your project needs.<\/p>\n<p>Our rang of services is organized around 4 areas of expertises :<\/p>\n<ul>\n<li style=\"font-weight: 400;\" aria-level=\"1\"><strong>Handling and Lifting,<\/strong><\/li>\n<li style=\"font-weight: 400;\" aria-level=\"1\"><strong>Industrial Services<\/strong><\/li>\n<li style=\"font-weight: 400;\" aria-level=\"1\"><strong>Arial Works Platforms<\/strong><\/li>\n<li style=\"font-weight: 400;\" aria-level=\"1\"><strong>Heavy Transport<\/strong><\/li>\n<\/ul>\n<\/div><style type=\"text\/css\" data-type=\"the7_shortcodes-inline-css\">#default-btn-33da76b08b8a8bbdeef581c42a3025b9.ico-right-side > i {\n  margin-right: 0px;\n  margin-left: 8px;\n}\n#default-btn-33da76b08b8a8bbdeef581c42a3025b9 > i {\n  margin-right: 8px;\n}\n#default-btn-33da76b08b8a8bbdeef581c42a3025b9 * {\n  vertical-align: middle;\n}\n<\/style><a href=\"https:\/\/intergrues.ma\/index.php\/contact-2\/\" class=\"default-btn-shortcode dt-btn dt-btn-m link-hover-off btn-inline-left \" id=\"default-btn-33da76b08b8a8bbdeef581c42a3025b9\" title=\"Contact\"><span>Contactez-nous<\/span><\/a>[\/vc_column_inner][\/vc_row_inner][vc_row_inner][vc_column_inner offset=\u00a0\u00bbvc_hidden-lg vc_hidden-md vc_hidden-sm\u00a0\u00bb][vc_single_image image=\u00a0\u00bb419&Prime; img_size=\u00a0\u00bbfull\u00a0\u00bb][\/vc_column_inner][\/vc_row_inner][\/vc_column][vc_column width=\u00a0\u00bb1\/2&Prime; css=\u00a0\u00bb.vc_custom_1622977674182{background-image: url(https:\/\/intergrues.ma\/wp-content\/uploads\/2021\/05\/106913909_374613816851932_8381387323129707671_n.jpg?id=419) !important;background-position: center !important;background-repeat: no-repeat !important;background-size: cover !important;}\u00a0\u00bb offset=\u00a0\u00bbvc_hidden-xs\u00a0\u00bb][\/vc_column][\/vc_row][vc_row type=\u00a0\u00bbvc_default\u00a0\u00bb full_width=\u00a0\u00bbstretch_row\u00a0\u00bb equal_height=\u00a0\u00bbyes\u00a0\u00bb bg_type=\u00a0\u00bbimage\u00a0\u00bb parallax_style=\u00a0\u00bbvcpb-vz-jquery\u00a0\u00bb bg_image_new=\u00a0\u00bbid^309|url^https:\/\/intergrues.ma\/wp-content\/uploads\/2021\/05\/IMG-20201119-WA0004.jpg|caption^null|alt^null|title^IMG-20201119-WA0004|description^null\u00a0\u00bb bg_image_repeat=\u00a0\u00bbno-repeat\u00a0\u00bb bg_override=\u00a0\u00bbex-full\u00a0\u00bb css=\u00a0\u00bb.vc_custom_1622221327286{margin-top: 70px !important;margin-bottom: 70px !important;}\u00a0\u00bb][vc_column][vc_row_inner css=\u00a0\u00bb.vc_custom_1621676904116{margin-top: 400px !important;}\u00a0\u00bb][vc_column_inner width=\u00a0\u00bb1\/3&Prime; css=\u00a0\u00bb.vc_custom_1621677352115{padding-top: 20px !important;padding-right: 20px !important;padding-bottom: 20px !important;padding-left: 20px !important;background-color: #ffffff !important;}\u00a0\u00bb]<div class=\"standard-arrow list-divider bullet-top\"><p><strong>This mix of skills makes it possible to take advantage of the complementarity of our activities and thus generate synergies at the company level. The Group is characterized by:<\/strong><\/p>\n<ul>\n<li><span class=\"Y2IQFc\" lang=\"en\">Total availability <\/span><\/li>\n<li><span class=\"Y2IQFc\" lang=\"en\">Complementarity of professions <\/span><\/li>\n<li><span class=\"Y2IQFc\" lang=\"en\">A flexible and efficient organization <\/span><\/li>\n<li><span class=\"Y2IQFc\" lang=\"en\">Geostrategic locations <\/span><\/li>\n<li><span class=\"Y2IQFc\" lang=\"en\">A great rigor coupled with a strong technicality<\/span><\/li>\n<\/ul>\n<\/div>[\/vc_column_inner][vc_column_inner width=\u00a0\u00bb2\/3&Prime;][\/vc_column_inner][\/vc_row_inner][\/vc_column][\/vc_row][vc_row type=\u00a0\u00bbvc_default\u00a0\u00bb equal_height=\u00a0\u00bbyes\u00a0\u00bb css=\u00a0\u00bb.vc_custom_1621677493893{margin-bottom: 70px !important;}\u00a0\u00bb][vc_column width=\u00a0\u00bb1\/2&Prime; css=\u00a0\u00bb.vc_custom_1622977756940{background-image: url(https:\/\/intergrues.ma\/wp-content\/uploads\/2021\/06\/depot.jpg?id=448) !important;background-position: center !important;background-repeat: no-repeat !important;background-size: cover !important;}\u00a0\u00bb offset=\u00a0\u00bbvc_hidden-xs\u00a0\u00bb][\/vc_column][vc_column width=\u00a0\u00bb1\/2&Prime; css=\u00a0\u00bb.vc_custom_1621676502536{padding-top: 30px !important;padding-right: 30px !important;padding-bottom: 30px !important;padding-left: 30px !important;background-color: #f2f2f2 !important;}\u00a0\u00bb][vc_row_inner css=\u00a0\u00bb.vc_custom_1621677312921{margin-top: 50px !important;margin-bottom: 50px !important;}\u00a0\u00bb][vc_column_inner]<div class=\"standard-arrow bullet-top\"><p><span class=\"Y2IQFc\" lang=\"en\">Intervening at the heart of various sectors such as petrochemicals \/ chemicals, energy, construction, pharmaceuticals, steel industry, INTERGRUES has been able to capitalize over the years on best practices to deploy today an efficient organization combining CUSTOMER Satisfaction and reliability of our interventions.<\/span><\/p>\n<p><strong><span class=\"Y2IQFc\" lang=\"en\">We have a fleet of recent cranes spread across our network of agencies. Our flexible organization makes it possible to respond to: <\/span><\/strong><\/p>\n<ul>\n<li style=\"font-weight: 400;\" aria-level=\"2\">One-off interventions<\/li>\n<li style=\"font-weight: 400;\" aria-level=\"2\">Services under contracts<\/li>\n<li style=\"font-weight: 400;\" aria-level=\"2\">Turnkey lifting operations<\/li>\n<\/ul>\n<\/div>[\/vc_column_inner][\/vc_row_inner][vc_row_inner][vc_column_inner offset=\u00a0\u00bbvc_hidden-lg vc_hidden-md vc_hidden-sm\u00a0\u00bb][vc_single_image image=\u00a0\u00bb448&Prime; img_size=\u00a0\u00bbfull\u00a0\u00bb][\/vc_column_inner][\/vc_row_inner][\/vc_column][\/vc_row]<\/p>\n","protected":false},"excerpt":{"rendered":"<p>[vc_row type=\u00a0\u00bbvc_default\u00a0\u00bb equal_height=\u00a0\u00bbyes\u00a0\u00bb][vc_column width=\u00a0\u00bb1\/2&Prime; css=\u00a0\u00bb.vc_custom_1621676502536{padding-top: 30px !important;padding-right: 30px !important;padding-bottom: 30px !important;padding-left: 30px !important;background-color: #f2f2f2 !important;}\u00a0\u00bb][vc_row_inner css=\u00a0\u00bb.vc_custom_1621677312921{margin-top: 50px !important;margin-bottom: 50px !important;}\u00a0\u00bb][vc_column_inner][\/vc_column_inner][\/vc_row_inner][vc_row_inner][vc_column_inner offset=\u00a0\u00bbvc_hidden-lg vc_hidden-md vc_hidden-sm\u00a0\u00bb][vc_single_image image=\u00a0\u00bb419&Prime; img_size=\u00a0\u00bbfull\u00a0\u00bb][\/vc_column_inner][\/vc_row_inner][\/vc_column][vc_column width=\u00a0\u00bb1\/2&Prime; css=\u00a0\u00bb.vc_custom_1622977674182{background-image: url(https:\/\/intergrues.ma\/wp-content\/uploads\/2021\/05\/106913909_374613816851932_8381387323129707671_n.jpg?id=419) !important;background-position: center !important;background-repeat: no-repeat !important;background-size: cover !important;}\u00a0\u00bb offset=\u00a0\u00bbvc_hidden-xs\u00a0\u00bb][\/vc_column][\/vc_row][vc_row type=\u00a0\u00bbvc_default\u00a0\u00bb full_width=\u00a0\u00bbstretch_row\u00a0\u00bb equal_height=\u00a0\u00bbyes\u00a0\u00bb bg_type=\u00a0\u00bbimage\u00a0\u00bb parallax_style=\u00a0\u00bbvcpb-vz-jquery\u00a0\u00bb bg_image_new=\u00a0\u00bbid^309|url^https:\/\/intergrues.ma\/wp-content\/uploads\/2021\/05\/IMG-20201119-WA0004.jpg|caption^null|alt^null|title^IMG-20201119-WA0004|description^null\u00a0\u00bb bg_image_repeat=\u00a0\u00bbno-repeat\u00a0\u00bb bg_override=\u00a0\u00bbex-full\u00a0\u00bb css=\u00a0\u00bb.vc_custom_1622221327286{margin-top: 70px !important;margin-bottom: 70px !important;}\u00a0\u00bb][vc_column][vc_row_inner css=\u00a0\u00bb.vc_custom_1621676904116{margin-top: 400px !important;}\u00a0\u00bb][vc_column_inner width=\u00a0\u00bb1\/3&Prime; css=\u00a0\u00bb.vc_custom_1621677352115{padding-top: 20px&hellip;<\/p>\n","protected":false},"author":1,"featured_media":0,"parent":0,"menu_order":0,"comment_status":"closed","ping_status":"closed","template":"","meta":[],"class_list":["post-496","page","type-page","status-publish","hentry","description-off"],"yoast_head":"<!-- This site is optimized with the Yoast SEO Premium plugin v24.4 (Yoast SEO v24.4) - https:\/\/yoast.com\/wordpress\/plugins\/seo\/ -->\n<title>ABOUT US - Intergrues-Sp\u00e9cialiste de la location des Grues mobiles, chariots \u00e9l\u00e9vateurs, mat\u00e9riel du levage et manutention, transports sp\u00e9ciaux et nacelles<\/title>\n<meta name=\"description\" content=\"Location de grues. Nous vous proposons des grues mobiles sur pneus en location. Pour vos besoins de levage vous pouvez nous\" \/>\n<meta name=\"robots\" content=\"index, follow, max-snippet:-1, max-image-preview:large, max-video-preview:-1\" \/>\n<link rel=\"canonical\" href=\"https:\/\/intergrues.ma\/index.php\/en\/qui-sommes-nous-2\/\" \/>\n<meta property=\"og:locale\" content=\"fr_FR\" \/>\n<meta property=\"og:type\" content=\"article\" \/>\n<meta property=\"og:title\" content=\"ABOUT US\" \/>\n<meta property=\"og:description\" content=\"Location de grues. Nous vous proposons des grues mobiles sur pneus en location. Pour vos besoins de levage vous pouvez nous\" \/>\n<meta property=\"og:url\" content=\"https:\/\/intergrues.ma\/index.php\/en\/qui-sommes-nous-2\/\" \/>\n<meta property=\"og:site_name\" content=\"Intergrues-Sp\u00e9cialiste de la location des Grues mobiles, chariots \u00e9l\u00e9vateurs, mat\u00e9riel du levage et manutention, transports sp\u00e9ciaux et nacelles\" \/>\n<meta property=\"article:modified_time\" content=\"2025-09-11T00:19:52+00:00\" \/>\n<meta name=\"twitter:card\" content=\"summary_large_image\" \/>\n<meta name=\"twitter:label1\" content=\"Dur\u00e9e de lecture estim\u00e9e\" \/>\n\t<meta name=\"twitter:data1\" content=\"3 minutes\" \/>\n<script type=\"application\/ld+json\" class=\"yoast-schema-graph\">{\"@context\":\"https:\/\/schema.org\",\"@graph\":[{\"@type\":\"WebPage\",\"@id\":\"https:\/\/intergrues.ma\/index.php\/en\/qui-sommes-nous-2\/\",\"url\":\"https:\/\/intergrues.ma\/index.php\/en\/qui-sommes-nous-2\/\",\"name\":\"ABOUT US - Intergrues-Sp\u00e9cialiste de la location des Grues mobiles, chariots \u00e9l\u00e9vateurs, mat\u00e9riel du levage et manutention, transports sp\u00e9ciaux et nacelles\",\"isPartOf\":{\"@id\":\"https:\/\/intergrues.ma\/#website\"},\"datePublished\":\"2021-06-06T10:39:44+00:00\",\"dateModified\":\"2025-09-11T00:19:52+00:00\",\"description\":\"Location de grues. Nous vous proposons des grues mobiles sur pneus en location. Pour vos besoins de levage vous pouvez nous\",\"breadcrumb\":{\"@id\":\"https:\/\/intergrues.ma\/index.php\/en\/qui-sommes-nous-2\/#breadcrumb\"},\"inLanguage\":\"fr-FR\",\"potentialAction\":[{\"@type\":\"ReadAction\",\"target\":[\"https:\/\/intergrues.ma\/index.php\/en\/qui-sommes-nous-2\/\"]}]},{\"@type\":\"BreadcrumbList\",\"@id\":\"https:\/\/intergrues.ma\/index.php\/en\/qui-sommes-nous-2\/#breadcrumb\",\"itemListElement\":[{\"@type\":\"ListItem\",\"position\":1,\"name\":\"Accueil\",\"item\":\"https:\/\/intergrues.ma\/\"},{\"@type\":\"ListItem\",\"position\":2,\"name\":\"ABOUT US\"}]},{\"@type\":\"WebSite\",\"@id\":\"https:\/\/intergrues.ma\/#website\",\"url\":\"https:\/\/intergrues.ma\/\",\"name\":\"Intergrues-Sp\u00e9cialiste de la location des Grues mobiles, chariots \u00e9l\u00e9vateurs, mat\u00e9riel de manutention, transports sp\u00e9ciaux et nacelles\",\"description\":\"Location et vente de mat\u00e9riel de levage: grues, nacelles, plate-formes.\",\"potentialAction\":[{\"@type\":\"SearchAction\",\"target\":{\"@type\":\"EntryPoint\",\"urlTemplate\":\"https:\/\/intergrues.ma\/?s={search_term_string}\"},\"query-input\":{\"@type\":\"PropertyValueSpecification\",\"valueRequired\":true,\"valueName\":\"search_term_string\"}}],\"inLanguage\":\"fr-FR\"}]}<\/script>\n<!-- \/ Yoast SEO Premium plugin. -->","yoast_head_json":{"title":"ABOUT US - Intergrues-Sp\u00e9cialiste de la location des Grues mobiles, chariots \u00e9l\u00e9vateurs, mat\u00e9riel du levage et manutention, transports sp\u00e9ciaux et nacelles","description":"Location de grues. Nous vous proposons des grues mobiles sur pneus en location. Pour vos besoins de levage vous pouvez nous","robots":{"index":"index","follow":"follow","max-snippet":"max-snippet:-1","max-image-preview":"max-image-preview:large","max-video-preview":"max-video-preview:-1"},"canonical":"https:\/\/intergrues.ma\/index.php\/en\/qui-sommes-nous-2\/","og_locale":"fr_FR","og_type":"article","og_title":"ABOUT US","og_description":"Location de grues. Nous vous proposons des grues mobiles sur pneus en location. Pour vos besoins de levage vous pouvez nous","og_url":"https:\/\/intergrues.ma\/index.php\/en\/qui-sommes-nous-2\/","og_site_name":"Intergrues-Sp\u00e9cialiste de la location des Grues mobiles, chariots \u00e9l\u00e9vateurs, mat\u00e9riel du levage et manutention, transports sp\u00e9ciaux et nacelles","article_modified_time":"2025-09-11T00:19:52+00:00","twitter_card":"summary_large_image","twitter_misc":{"Dur\u00e9e de lecture estim\u00e9e":"3 minutes"},"schema":{"@context":"https:\/\/schema.org","@graph":[{"@type":"WebPage","@id":"https:\/\/intergrues.ma\/index.php\/en\/qui-sommes-nous-2\/","url":"https:\/\/intergrues.ma\/index.php\/en\/qui-sommes-nous-2\/","name":"ABOUT US - Intergrues-Sp\u00e9cialiste de la location des Grues mobiles, chariots \u00e9l\u00e9vateurs, mat\u00e9riel du levage et manutention, transports sp\u00e9ciaux et nacelles","isPartOf":{"@id":"https:\/\/intergrues.ma\/#website"},"datePublished":"2021-06-06T10:39:44+00:00","dateModified":"2025-09-11T00:19:52+00:00","description":"Location de grues. Nous vous proposons des grues mobiles sur pneus en location. Pour vos besoins de levage vous pouvez nous","breadcrumb":{"@id":"https:\/\/intergrues.ma\/index.php\/en\/qui-sommes-nous-2\/#breadcrumb"},"inLanguage":"fr-FR","potentialAction":[{"@type":"ReadAction","target":["https:\/\/intergrues.ma\/index.php\/en\/qui-sommes-nous-2\/"]}]},{"@type":"BreadcrumbList","@id":"https:\/\/intergrues.ma\/index.php\/en\/qui-sommes-nous-2\/#breadcrumb","itemListElement":[{"@type":"ListItem","position":1,"name":"Accueil","item":"https:\/\/intergrues.ma\/"},{"@type":"ListItem","position":2,"name":"ABOUT US"}]},{"@type":"WebSite","@id":"https:\/\/intergrues.ma\/#website","url":"https:\/\/intergrues.ma\/","name":"Intergrues-Sp\u00e9cialiste de la location des Grues mobiles, chariots \u00e9l\u00e9vateurs, mat\u00e9riel de manutention, transports sp\u00e9ciaux et nacelles","description":"Location et vente de mat\u00e9riel de levage: grues, nacelles, plate-formes.","potentialAction":[{"@type":"SearchAction","target":{"@type":"EntryPoint","urlTemplate":"https:\/\/intergrues.ma\/?s={search_term_string}"},"query-input":{"@type":"PropertyValueSpecification","valueRequired":true,"valueName":"search_term_string"}}],"inLanguage":"fr-FR"}]}},"_links":{"self":[{"href":"https:\/\/intergrues.ma\/index.php\/wp-json\/wp\/v2\/pages\/496","targetHints":{"allow":["GET"]}}],"collection":[{"href":"https:\/\/intergrues.ma\/index.php\/wp-json\/wp\/v2\/pages"}],"about":[{"href":"https:\/\/intergrues.ma\/index.php\/wp-json\/wp\/v2\/types\/page"}],"author":[{"embeddable":true,"href":"https:\/\/intergrues.ma\/index.php\/wp-json\/wp\/v2\/users\/1"}],"replies":[{"embeddable":true,"href":"https:\/\/intergrues.ma\/index.php\/wp-json\/wp\/v2\/comments?post=496"}],"version-history":[{"count":13,"href":"https:\/\/intergrues.ma\/index.php\/wp-json\/wp\/v2\/pages\/496\/revisions"}],"predecessor-version":[{"id":850,"href":"https:\/\/intergrues.ma\/index.php\/wp-json\/wp\/v2\/pages\/496\/revisions\/850"}],"wp:attachment":[{"href":"https:\/\/intergrues.ma\/index.php\/wp-json\/wp\/v2\/media?parent=496"}],"curies":[{"name":"wp","href":"https:\/\/api.w.org\/{rel}","templated":true}]}}