{"id":497,"date":"2021-06-06T11:39:44","date_gmt":"2021-06-06T10:39:44","guid":{"rendered":"https:\/\/intergrues.ma\/?page_id=497"},"modified":"2021-06-06T12:12:29","modified_gmt":"2021-06-06T11:12:29","slug":"qui-sommes-nous-3","status":"publish","type":"page","link":"https:\/\/intergrues.ma\/index.php\/es\/qui-sommes-nous-3\/","title":{"rendered":"Qui sommes-nous?"},"content":{"rendered":"<p>[vc_row type=\u00a0\u00bbvc_default\u00a0\u00bb equal_height=\u00a0\u00bbyes\u00a0\u00bb][vc_column width=\u00a0\u00bb1\/2&Prime; css=\u00a0\u00bb.vc_custom_1621676502536{padding-top: 30px !important;padding-right: 30px !important;padding-bottom: 30px !important;padding-left: 30px !important;background-color: #f2f2f2 !important;}\u00a0\u00bb][vc_row_inner css=\u00a0\u00bb.vc_custom_1621677312921{margin-top: 50px !important;margin-bottom: 50px !important;}\u00a0\u00bb][vc_column_inner]<div class=\"standard-arrow bullet-top\"><p><span style=\"font-weight: 400;\">INTERGRUES est une r\u00e9f\u00e9rence en mati\u00e8re de location de grues, de levage de charges lourdes et de transport technique. En pla\u00e7ant la comp\u00e9tence en 1er axe\u00a0strat\u00e9gique, INTERGRUES, v\u00e9ritable Ensemblier de services se donne pour priorit\u00e9 de d\u00e9cliner un bouquet de m\u00e9tiers\u00a0couvrant une gamme \u00e9toff\u00e9e de services et s\u2019orientant vers la capacit\u00e9 de proposer une offre tr\u00e8s compl\u00e8te. Notre gamme\u00a0de prestations s\u2019organise autour de 4 p\u00f4les de comp\u00e9tences:<\/span><\/p>\n<ul>\n<li style=\"font-weight: 400;\" aria-level=\"1\"><strong>Levage, manutention,<\/strong><\/li>\n<li style=\"font-weight: 400;\" aria-level=\"1\"><strong>Transferts industriels<\/strong><\/li>\n<li style=\"font-weight: 400;\" aria-level=\"1\"><strong>\u00c9l\u00e9vation de personnel : Location de nacelles et plateformes<\/strong><\/li>\n<li style=\"font-weight: 400;\" aria-level=\"1\"><strong>Transport sp\u00e9cial et conventionnel<\/strong><\/li>\n<\/ul>\n<\/div>[\/vc_column_inner][\/vc_row_inner][vc_row_inner][vc_column_inner offset=\u00a0\u00bbvc_hidden-lg vc_hidden-md vc_hidden-sm\u00a0\u00bb][vc_single_image image=\u00a0\u00bb419&Prime; img_size=\u00a0\u00bbfull\u00a0\u00bb][\/vc_column_inner][\/vc_row_inner][\/vc_column][vc_column width=\u00a0\u00bb1\/2&Prime; css=\u00a0\u00bb.vc_custom_1622977674182{background-image: url(https:\/\/intergrues.ma\/wp-content\/uploads\/2021\/05\/106913909_374613816851932_8381387323129707671_n.jpg?id=419) !important;background-position: center !important;background-repeat: no-repeat !important;background-size: cover !important;}\u00a0\u00bb offset=\u00a0\u00bbvc_hidden-xs\u00a0\u00bb][\/vc_column][\/vc_row][vc_row type=\u00a0\u00bbvc_default\u00a0\u00bb full_width=\u00a0\u00bbstretch_row\u00a0\u00bb equal_height=\u00a0\u00bbyes\u00a0\u00bb bg_type=\u00a0\u00bbimage\u00a0\u00bb parallax_style=\u00a0\u00bbvcpb-vz-jquery\u00a0\u00bb bg_image_new=\u00a0\u00bbid^309|url^https:\/\/intergrues.ma\/wp-content\/uploads\/2021\/05\/IMG-20201119-WA0004.jpg|caption^null|alt^null|title^IMG-20201119-WA0004|description^null\u00a0\u00bb bg_image_repeat=\u00a0\u00bbno-repeat\u00a0\u00bb bg_override=\u00a0\u00bbex-full\u00a0\u00bb css=\u00a0\u00bb.vc_custom_1622221327286{margin-top: 70px !important;margin-bottom: 70px !important;}\u00a0\u00bb][vc_column][vc_row_inner css=\u00a0\u00bb.vc_custom_1621676904116{margin-top: 400px !important;}\u00a0\u00bb][vc_column_inner width=\u00a0\u00bb1\/3&Prime; css=\u00a0\u00bb.vc_custom_1621677352115{padding-top: 20px !important;padding-right: 20px !important;padding-bottom: 20px !important;padding-left: 20px !important;background-color: #ffffff !important;}\u00a0\u00bb]<div class=\"standard-arrow list-divider bullet-top\"><h4><strong>Ce mix de comp\u00e9tences permet de tirer parti de la compl\u00e9mentarit\u00e9 de nos activit\u00e9s et de g\u00e9n\u00e9rer ainsi des synergies \u00e0 l\u2019\u00e9chelle de l\u2019entreprise. Le\u00a0Groupe est caract\u00e9ris\u00e9 par :<\/strong><\/h4>\n<ul>\n<li style=\"font-weight: 400;\" aria-level=\"1\"><span style=\"font-weight: 400;\">Une Totale disponibilit\u00e9<\/span><\/li>\n<li style=\"font-weight: 400;\" aria-level=\"1\"><span style=\"font-weight: 400;\">Une Compl\u00e9mentarit\u00e9 des m\u00e9tiers<\/span><\/li>\n<li style=\"font-weight: 400;\" aria-level=\"1\"><span style=\"font-weight: 400;\">Une Organisation souple et performante<\/span><\/li>\n<li style=\"font-weight: 400;\" aria-level=\"1\"><span style=\"font-weight: 400;\">Des implantations g\u00e9ostrat\u00e9giques<\/span><\/li>\n<li style=\"font-weight: 400;\" aria-level=\"1\"><span style=\"font-weight: 400;\">Une grande rigueur coupl\u00e9e \u00e0 une forte technicit\u00e9<\/span><\/li>\n<\/ul>\n<\/div>[\/vc_column_inner][vc_column_inner width=\u00a0\u00bb2\/3&Prime;][\/vc_column_inner][\/vc_row_inner][\/vc_column][\/vc_row][vc_row type=\u00a0\u00bbvc_default\u00a0\u00bb equal_height=\u00a0\u00bbyes\u00a0\u00bb css=\u00a0\u00bb.vc_custom_1621677493893{margin-bottom: 70px !important;}\u00a0\u00bb][vc_column width=\u00a0\u00bb1\/2&Prime; css=\u00a0\u00bb.vc_custom_1622977756940{background-image: url(https:\/\/intergrues.ma\/wp-content\/uploads\/2021\/06\/depot.jpg?id=448) !important;background-position: center !important;background-repeat: no-repeat !important;background-size: cover !important;}\u00a0\u00bb offset=\u00a0\u00bbvc_hidden-xs\u00a0\u00bb][\/vc_column][vc_column width=\u00a0\u00bb1\/2&Prime; css=\u00a0\u00bb.vc_custom_1621676502536{padding-top: 30px !important;padding-right: 30px !important;padding-bottom: 30px !important;padding-left: 30px !important;background-color: #f2f2f2 !important;}\u00a0\u00bb][vc_row_inner css=\u00a0\u00bb.vc_custom_1621677312921{margin-top: 50px !important;margin-bottom: 50px !important;}\u00a0\u00bb][vc_column_inner]<div class=\"standard-arrow bullet-top\"><p><span style=\"font-weight: 400;\">Intervenant au c\u0153ur de divers secteurs tels que la p\u00e9trochimie\/ chimie, l\u2019\u00e9nergie, le BTP, la pharmacie, la sid\u00e9rurgie, INTERGRUES a su\u00a0capitaliser au fil des ann\u00e9es sur les meilleures pratiques pour d\u00e9ployer aujourd\u2019hui une organisation performante conjuguant la Satisfaction\u00a0CLIENT et fiabilisation de nos interventions.<\/span><\/p>\n<p><strong>Nous disposons d\u2019une flotte de grues r\u00e9centes reparties sur l\u2019ensemble de notre r\u00e9seau d\u2019agences. Notre organisation flexible permet de r\u00e9pondre a\u0300 la fois aux :\u00a0<\/strong><\/p>\n<ul>\n<li style=\"font-weight: 400;\" aria-level=\"2\"><span style=\"font-weight: 400;\">Interventions ponctuelles\u00a0<\/span><\/li>\n<li style=\"font-weight: 400;\" aria-level=\"2\"><span style=\"font-weight: 400;\">Prestations dans le cadre de contrats\u00a0<\/span><\/li>\n<li style=\"font-weight: 400;\" aria-level=\"2\"><span style=\"font-weight: 400;\">Operations de levage cl\u00e9s en main\u00a0<\/span><\/li>\n<\/ul>\n<\/div>[\/vc_column_inner][\/vc_row_inner][vc_row_inner][vc_column_inner offset=\u00a0\u00bbvc_hidden-lg vc_hidden-md vc_hidden-sm\u00a0\u00bb][vc_single_image image=\u00a0\u00bb448&Prime; img_size=\u00a0\u00bbfull\u00a0\u00bb][\/vc_column_inner][\/vc_row_inner][\/vc_column][\/vc_row]<\/p>\n","protected":false},"excerpt":{"rendered":"<p>[vc_row type=\u00a0\u00bbvc_default\u00a0\u00bb equal_height=\u00a0\u00bbyes\u00a0\u00bb][vc_column width=\u00a0\u00bb1\/2&Prime; css=\u00a0\u00bb.vc_custom_1621676502536{padding-top: 30px !important;padding-right: 30px !important;padding-bottom: 30px !important;padding-left: 30px !important;background-color: #f2f2f2 !important;}\u00a0\u00bb][vc_row_inner css=\u00a0\u00bb.vc_custom_1621677312921{margin-top: 50px !important;margin-bottom: 50px !important;}\u00a0\u00bb][vc_column_inner][\/vc_column_inner][\/vc_row_inner][vc_row_inner][vc_column_inner offset=\u00a0\u00bbvc_hidden-lg vc_hidden-md vc_hidden-sm\u00a0\u00bb][vc_single_image image=\u00a0\u00bb419&Prime; img_size=\u00a0\u00bbfull\u00a0\u00bb][\/vc_column_inner][\/vc_row_inner][\/vc_column][vc_column width=\u00a0\u00bb1\/2&Prime; css=\u00a0\u00bb.vc_custom_1622977674182{background-image: url(https:\/\/intergrues.ma\/wp-content\/uploads\/2021\/05\/106913909_374613816851932_8381387323129707671_n.jpg?id=419) !important;background-position: center !important;background-repeat: no-repeat !important;background-size: cover !important;}\u00a0\u00bb offset=\u00a0\u00bbvc_hidden-xs\u00a0\u00bb][\/vc_column][\/vc_row][vc_row type=\u00a0\u00bbvc_default\u00a0\u00bb full_width=\u00a0\u00bbstretch_row\u00a0\u00bb equal_height=\u00a0\u00bbyes\u00a0\u00bb bg_type=\u00a0\u00bbimage\u00a0\u00bb parallax_style=\u00a0\u00bbvcpb-vz-jquery\u00a0\u00bb bg_image_new=\u00a0\u00bbid^309|url^https:\/\/intergrues.ma\/wp-content\/uploads\/2021\/05\/IMG-20201119-WA0004.jpg|caption^null|alt^null|title^IMG-20201119-WA0004|description^null\u00a0\u00bb bg_image_repeat=\u00a0\u00bbno-repeat\u00a0\u00bb bg_override=\u00a0\u00bbex-full\u00a0\u00bb css=\u00a0\u00bb.vc_custom_1622221327286{margin-top: 70px !important;margin-bottom: 70px !important;}\u00a0\u00bb][vc_column][vc_row_inner css=\u00a0\u00bb.vc_custom_1621676904116{margin-top: 400px !important;}\u00a0\u00bb][vc_column_inner width=\u00a0\u00bb1\/3&Prime; css=\u00a0\u00bb.vc_custom_1621677352115{padding-top: 20px&hellip;<\/p>\n","protected":false},"author":1,"featured_media":0,"parent":0,"menu_order":0,"comment_status":"closed","ping_status":"closed","template":"","meta":[],"class_list":["post-497","page","type-page","status-publish","hentry","description-off"],"yoast_head":"<!-- This site is optimized with the Yoast SEO Premium plugin v24.4 (Yoast SEO v24.4) - https:\/\/yoast.com\/wordpress\/plugins\/seo\/ -->\n<title>Qui sommes-nous? - Intergrues-Sp\u00e9cialiste de la location des Grues mobiles, chariots \u00e9l\u00e9vateurs, mat\u00e9riel du levage et manutention, transports sp\u00e9ciaux et nacelles<\/title>\n<meta name=\"description\" content=\"Location de grues. Nous vous proposons des grues mobiles sur pneus en location. Pour vos besoins de levage vous pouvez nous\" \/>\n<meta name=\"robots\" content=\"index, follow, max-snippet:-1, max-image-preview:large, max-video-preview:-1\" \/>\n<link rel=\"canonical\" href=\"https:\/\/intergrues.ma\/index.php\/es\/qui-sommes-nous-3\/\" \/>\n<meta property=\"og:locale\" content=\"fr_FR\" \/>\n<meta property=\"og:type\" content=\"article\" \/>\n<meta property=\"og:title\" content=\"Qui sommes-nous?\" \/>\n<meta property=\"og:description\" content=\"Location de grues. Nous vous proposons des grues mobiles sur pneus en location. Pour vos besoins de levage vous pouvez nous\" \/>\n<meta property=\"og:url\" content=\"https:\/\/intergrues.ma\/index.php\/es\/qui-sommes-nous-3\/\" \/>\n<meta property=\"og:site_name\" content=\"Intergrues-Sp\u00e9cialiste de la location des Grues mobiles, chariots \u00e9l\u00e9vateurs, mat\u00e9riel du levage et manutention, transports sp\u00e9ciaux et nacelles\" \/>\n<meta property=\"article:modified_time\" content=\"2021-06-06T11:12:29+00:00\" \/>\n<meta name=\"twitter:card\" content=\"summary_large_image\" \/>\n<meta name=\"twitter:label1\" content=\"Dur\u00e9e de lecture estim\u00e9e\" \/>\n\t<meta name=\"twitter:data1\" content=\"3 minutes\" \/>\n<script type=\"application\/ld+json\" class=\"yoast-schema-graph\">{\"@context\":\"https:\/\/schema.org\",\"@graph\":[{\"@type\":\"WebPage\",\"@id\":\"https:\/\/intergrues.ma\/index.php\/es\/qui-sommes-nous-3\/\",\"url\":\"https:\/\/intergrues.ma\/index.php\/es\/qui-sommes-nous-3\/\",\"name\":\"Qui sommes-nous? - Intergrues-Sp\u00e9cialiste de la location des Grues mobiles, chariots \u00e9l\u00e9vateurs, mat\u00e9riel du levage et manutention, transports sp\u00e9ciaux et nacelles\",\"isPartOf\":{\"@id\":\"https:\/\/intergrues.ma\/#website\"},\"datePublished\":\"2021-06-06T10:39:44+00:00\",\"dateModified\":\"2021-06-06T11:12:29+00:00\",\"description\":\"Location de grues. Nous vous proposons des grues mobiles sur pneus en location. Pour vos besoins de levage vous pouvez nous\",\"breadcrumb\":{\"@id\":\"https:\/\/intergrues.ma\/index.php\/es\/qui-sommes-nous-3\/#breadcrumb\"},\"inLanguage\":\"fr-FR\",\"potentialAction\":[{\"@type\":\"ReadAction\",\"target\":[\"https:\/\/intergrues.ma\/index.php\/es\/qui-sommes-nous-3\/\"]}]},{\"@type\":\"BreadcrumbList\",\"@id\":\"https:\/\/intergrues.ma\/index.php\/es\/qui-sommes-nous-3\/#breadcrumb\",\"itemListElement\":[{\"@type\":\"ListItem\",\"position\":1,\"name\":\"Accueil\",\"item\":\"https:\/\/intergrues.ma\/\"},{\"@type\":\"ListItem\",\"position\":2,\"name\":\"Qui sommes-nous?\"}]},{\"@type\":\"WebSite\",\"@id\":\"https:\/\/intergrues.ma\/#website\",\"url\":\"https:\/\/intergrues.ma\/\",\"name\":\"Intergrues-Sp\u00e9cialiste de la location des Grues mobiles, chariots \u00e9l\u00e9vateurs, mat\u00e9riel de manutention, transports sp\u00e9ciaux et nacelles\",\"description\":\"Location et vente de mat\u00e9riel de levage: grues, nacelles, plate-formes.\",\"potentialAction\":[{\"@type\":\"SearchAction\",\"target\":{\"@type\":\"EntryPoint\",\"urlTemplate\":\"https:\/\/intergrues.ma\/?s={search_term_string}\"},\"query-input\":{\"@type\":\"PropertyValueSpecification\",\"valueRequired\":true,\"valueName\":\"search_term_string\"}}],\"inLanguage\":\"fr-FR\"}]}<\/script>\n<!-- \/ Yoast SEO Premium plugin. -->","yoast_head_json":{"title":"Qui sommes-nous? - Intergrues-Sp\u00e9cialiste de la location des Grues mobiles, chariots \u00e9l\u00e9vateurs, mat\u00e9riel du levage et manutention, transports sp\u00e9ciaux et nacelles","description":"Location de grues. Nous vous proposons des grues mobiles sur pneus en location. Pour vos besoins de levage vous pouvez nous","robots":{"index":"index","follow":"follow","max-snippet":"max-snippet:-1","max-image-preview":"max-image-preview:large","max-video-preview":"max-video-preview:-1"},"canonical":"https:\/\/intergrues.ma\/index.php\/es\/qui-sommes-nous-3\/","og_locale":"fr_FR","og_type":"article","og_title":"Qui sommes-nous?","og_description":"Location de grues. Nous vous proposons des grues mobiles sur pneus en location. Pour vos besoins de levage vous pouvez nous","og_url":"https:\/\/intergrues.ma\/index.php\/es\/qui-sommes-nous-3\/","og_site_name":"Intergrues-Sp\u00e9cialiste de la location des Grues mobiles, chariots \u00e9l\u00e9vateurs, mat\u00e9riel du levage et manutention, transports sp\u00e9ciaux et nacelles","article_modified_time":"2021-06-06T11:12:29+00:00","twitter_card":"summary_large_image","twitter_misc":{"Dur\u00e9e de lecture estim\u00e9e":"3 minutes"},"schema":{"@context":"https:\/\/schema.org","@graph":[{"@type":"WebPage","@id":"https:\/\/intergrues.ma\/index.php\/es\/qui-sommes-nous-3\/","url":"https:\/\/intergrues.ma\/index.php\/es\/qui-sommes-nous-3\/","name":"Qui sommes-nous? - Intergrues-Sp\u00e9cialiste de la location des Grues mobiles, chariots \u00e9l\u00e9vateurs, mat\u00e9riel du levage et manutention, transports sp\u00e9ciaux et nacelles","isPartOf":{"@id":"https:\/\/intergrues.ma\/#website"},"datePublished":"2021-06-06T10:39:44+00:00","dateModified":"2021-06-06T11:12:29+00:00","description":"Location de grues. Nous vous proposons des grues mobiles sur pneus en location. Pour vos besoins de levage vous pouvez nous","breadcrumb":{"@id":"https:\/\/intergrues.ma\/index.php\/es\/qui-sommes-nous-3\/#breadcrumb"},"inLanguage":"fr-FR","potentialAction":[{"@type":"ReadAction","target":["https:\/\/intergrues.ma\/index.php\/es\/qui-sommes-nous-3\/"]}]},{"@type":"BreadcrumbList","@id":"https:\/\/intergrues.ma\/index.php\/es\/qui-sommes-nous-3\/#breadcrumb","itemListElement":[{"@type":"ListItem","position":1,"name":"Accueil","item":"https:\/\/intergrues.ma\/"},{"@type":"ListItem","position":2,"name":"Qui sommes-nous?"}]},{"@type":"WebSite","@id":"https:\/\/intergrues.ma\/#website","url":"https:\/\/intergrues.ma\/","name":"Intergrues-Sp\u00e9cialiste de la location des Grues mobiles, chariots \u00e9l\u00e9vateurs, mat\u00e9riel de manutention, transports sp\u00e9ciaux et nacelles","description":"Location et vente de mat\u00e9riel de levage: grues, nacelles, plate-formes.","potentialAction":[{"@type":"SearchAction","target":{"@type":"EntryPoint","urlTemplate":"https:\/\/intergrues.ma\/?s={search_term_string}"},"query-input":{"@type":"PropertyValueSpecification","valueRequired":true,"valueName":"search_term_string"}}],"inLanguage":"fr-FR"}]}},"_links":{"self":[{"href":"https:\/\/intergrues.ma\/index.php\/wp-json\/wp\/v2\/pages\/497","targetHints":{"allow":["GET"]}}],"collection":[{"href":"https:\/\/intergrues.ma\/index.php\/wp-json\/wp\/v2\/pages"}],"about":[{"href":"https:\/\/intergrues.ma\/index.php\/wp-json\/wp\/v2\/types\/page"}],"author":[{"embeddable":true,"href":"https:\/\/intergrues.ma\/index.php\/wp-json\/wp\/v2\/users\/1"}],"replies":[{"embeddable":true,"href":"https:\/\/intergrues.ma\/index.php\/wp-json\/wp\/v2\/comments?post=497"}],"version-history":[{"count":3,"href":"https:\/\/intergrues.ma\/index.php\/wp-json\/wp\/v2\/pages\/497\/revisions"}],"predecessor-version":[{"id":536,"href":"https:\/\/intergrues.ma\/index.php\/wp-json\/wp\/v2\/pages\/497\/revisions\/536"}],"wp:attachment":[{"href":"https:\/\/intergrues.ma\/index.php\/wp-json\/wp\/v2\/media?parent=497"}],"curies":[{"name":"wp","href":"https:\/\/api.w.org\/{rel}","templated":true}]}}