{"id":521,"date":"2021-06-06T11:57:28","date_gmt":"2021-06-06T10:57:28","guid":{"rendered":"https:\/\/intergrues.ma\/?page_id=521"},"modified":"2021-06-18T09:58:38","modified_gmt":"2021-06-18T08:58:38","slug":"politique-qualite-2-2","status":"publish","type":"page","link":"https:\/\/intergrues.ma\/index.php\/en\/politique-qualite-2-2\/","title":{"rendered":"QUALITY POLICY"},"content":{"rendered":"<p>[vc_row type=\u00a0\u00bbvc_default\u00a0\u00bb equal_height=\u00a0\u00bbyes\u00a0\u00bb css=\u00a0\u00bb.vc_custom_1621678227892{margin-bottom: 70px !important;}\u00a0\u00bb][vc_column width=\u00a0\u00bb1\/2&Prime; css=\u00a0\u00bb.vc_custom_1621678235789{background-color: #ededed !important;}\u00a0\u00bb][vc_row_inner css=\u00a0\u00bb.vc_custom_1621679113753{margin-top: 50px !important;margin-bottom: 50px !important;}\u00a0\u00bb][vc_column_inner css=\u00a0\u00bb.vc_custom_1621677723107{padding-top: 30px !important;padding-right: 30px !important;padding-bottom: 30px !important;padding-left: 30px !important;}\u00a0\u00bb]<div class=\"standard-arrow bullet-top\"><p><span class=\"Y2IQFc\" lang=\"en\"><strong>INTERGRUES<\/strong> has developed an organization and defined processes whose objectives are to increase the efficiency of the activities carried out as well as the degree of customer satisfaction. Our QUALITY commitment is built around the following principles:<\/span><\/p>\n<ul>\n<li><strong><span style=\"font-family: Consolas, Monaco, monospace;\">Guarantee the satisfaction of the needs of our Customers<\/span><\/strong><\/li>\n<li><strong><span style=\"font-family: Consolas, Monaco, monospace;\">Anticipate and control risks<\/span><\/strong><\/li>\n<li><strong><span style=\"font-family: Consolas, Monaco, monospace;\">Develop a logic of exchanges with our Customers<\/span><\/strong><\/li>\n<li><strong><span style=\"font-family: Consolas, Monaco, monospace;\">Listening to employees (Development of our staff)<\/span><\/strong><\/li>\n<\/ul>\n<p><span class=\"Y2IQFc\" lang=\"en\">Our QUALITY base enriched with specific procedures adapts perfectly to our customers&rsquo; QUALITY systems. Eager to always want to go further in this direction, we apply for Customer approval and accept the principle of auditing our system. The Group&rsquo;s objectives are to constantly offer the Customer the level of QUALITY of service he expects.<\/span><\/p>\n<\/div>[\/vc_column_inner][\/vc_row_inner][vc_row_inner][vc_column_inner offset=\u00a0\u00bbvc_hidden-lg vc_hidden-md vc_hidden-sm\u00a0\u00bb][vc_single_image image=\u00a0\u00bb344&Prime; img_size=\u00a0\u00bbfull\u00a0\u00bb][\/vc_column_inner][\/vc_row_inner][\/vc_column][vc_column width=\u00a0\u00bb1\/2&Prime; css=\u00a0\u00bb.vc_custom_1622979022894{background-image: url(https:\/\/intergrues.ma\/wp-content\/uploads\/2021\/05\/172346521_281136666993962_6271999330931168317_n.jpeg?id=344) !important;background-position: center !important;background-repeat: no-repeat !important;background-size: cover !important;}\u00a0\u00bb offset=\u00a0\u00bbvc_hidden-xs\u00a0\u00bb][\/vc_column][\/vc_row]<\/p>\n","protected":false},"excerpt":{"rendered":"<p>[vc_row type=\u00a0\u00bbvc_default\u00a0\u00bb equal_height=\u00a0\u00bbyes\u00a0\u00bb css=\u00a0\u00bb.vc_custom_1621678227892{margin-bottom: 70px !important;}\u00a0\u00bb][vc_column width=\u00a0\u00bb1\/2&Prime; css=\u00a0\u00bb.vc_custom_1621678235789{background-color: #ededed !important;}\u00a0\u00bb][vc_row_inner css=\u00a0\u00bb.vc_custom_1621679113753{margin-top: 50px !important;margin-bottom: 50px !important;}\u00a0\u00bb][vc_column_inner css=\u00a0\u00bb.vc_custom_1621677723107{padding-top: 30px !important;padding-right: 30px !important;padding-bottom: 30px !important;padding-left: 30px !important;}\u00a0\u00bb][\/vc_column_inner][\/vc_row_inner][vc_row_inner][vc_column_inner offset=\u00a0\u00bbvc_hidden-lg vc_hidden-md vc_hidden-sm\u00a0\u00bb][vc_single_image image=\u00a0\u00bb344&Prime; img_size=\u00a0\u00bbfull\u00a0\u00bb][\/vc_column_inner][\/vc_row_inner][\/vc_column][vc_column width=\u00a0\u00bb1\/2&Prime; css=\u00a0\u00bb.vc_custom_1622979022894{background-image: url(https:\/\/intergrues.ma\/wp-content\/uploads\/2021\/05\/172346521_281136666993962_6271999330931168317_n.jpeg?id=344) !important;background-position: center !important;background-repeat: no-repeat !important;background-size: cover !important;}\u00a0\u00bb offset=\u00a0\u00bbvc_hidden-xs\u00a0\u00bb][\/vc_column][\/vc_row]<\/p>\n","protected":false},"author":1,"featured_media":0,"parent":0,"menu_order":0,"comment_status":"closed","ping_status":"closed","template":"","meta":[],"class_list":["post-521","page","type-page","status-publish","hentry","description-off"],"yoast_head":"<!-- This site is optimized with the Yoast SEO Premium plugin v24.4 (Yoast SEO v24.4) - https:\/\/yoast.com\/wordpress\/plugins\/seo\/ -->\n<title>QUALITY POLICY - Intergrues-Sp\u00e9cialiste de la location des Grues mobiles, chariots \u00e9l\u00e9vateurs, mat\u00e9riel du levage et manutention, transports sp\u00e9ciaux et nacelles<\/title>\n<meta name=\"description\" content=\"Location de grues. Nous vous proposons des grues mobiles sur pneus en location. Pour vos besoins de levage vous pouvez nous\" \/>\n<meta name=\"robots\" content=\"index, follow, max-snippet:-1, max-image-preview:large, max-video-preview:-1\" \/>\n<link rel=\"canonical\" href=\"https:\/\/intergrues.ma\/index.php\/en\/politique-qualite-2-2\/\" \/>\n<meta property=\"og:locale\" content=\"fr_FR\" \/>\n<meta property=\"og:type\" content=\"article\" \/>\n<meta property=\"og:title\" content=\"QUALITY POLICY\" \/>\n<meta property=\"og:description\" content=\"Location de grues. Nous vous proposons des grues mobiles sur pneus en location. Pour vos besoins de levage vous pouvez nous\" \/>\n<meta property=\"og:url\" content=\"https:\/\/intergrues.ma\/index.php\/en\/politique-qualite-2-2\/\" \/>\n<meta property=\"og:site_name\" content=\"Intergrues-Sp\u00e9cialiste de la location des Grues mobiles, chariots \u00e9l\u00e9vateurs, mat\u00e9riel du levage et manutention, transports sp\u00e9ciaux et nacelles\" \/>\n<meta property=\"article:modified_time\" content=\"2021-06-18T08:58:38+00:00\" \/>\n<meta name=\"twitter:card\" content=\"summary_large_image\" \/>\n<meta name=\"twitter:label1\" content=\"Dur\u00e9e de lecture estim\u00e9e\" \/>\n\t<meta name=\"twitter:data1\" content=\"1 minute\" \/>\n<script type=\"application\/ld+json\" class=\"yoast-schema-graph\">{\"@context\":\"https:\/\/schema.org\",\"@graph\":[{\"@type\":\"WebPage\",\"@id\":\"https:\/\/intergrues.ma\/index.php\/en\/politique-qualite-2-2\/\",\"url\":\"https:\/\/intergrues.ma\/index.php\/en\/politique-qualite-2-2\/\",\"name\":\"QUALITY POLICY - Intergrues-Sp\u00e9cialiste de la location des Grues mobiles, chariots \u00e9l\u00e9vateurs, mat\u00e9riel du levage et manutention, transports sp\u00e9ciaux et nacelles\",\"isPartOf\":{\"@id\":\"https:\/\/intergrues.ma\/#website\"},\"datePublished\":\"2021-06-06T10:57:28+00:00\",\"dateModified\":\"2021-06-18T08:58:38+00:00\",\"description\":\"Location de grues. Nous vous proposons des grues mobiles sur pneus en location. Pour vos besoins de levage vous pouvez nous\",\"breadcrumb\":{\"@id\":\"https:\/\/intergrues.ma\/index.php\/en\/politique-qualite-2-2\/#breadcrumb\"},\"inLanguage\":\"fr-FR\",\"potentialAction\":[{\"@type\":\"ReadAction\",\"target\":[\"https:\/\/intergrues.ma\/index.php\/en\/politique-qualite-2-2\/\"]}]},{\"@type\":\"BreadcrumbList\",\"@id\":\"https:\/\/intergrues.ma\/index.php\/en\/politique-qualite-2-2\/#breadcrumb\",\"itemListElement\":[{\"@type\":\"ListItem\",\"position\":1,\"name\":\"Accueil\",\"item\":\"https:\/\/intergrues.ma\/\"},{\"@type\":\"ListItem\",\"position\":2,\"name\":\"QUALITY POLICY\"}]},{\"@type\":\"WebSite\",\"@id\":\"https:\/\/intergrues.ma\/#website\",\"url\":\"https:\/\/intergrues.ma\/\",\"name\":\"Intergrues-Sp\u00e9cialiste de la location des Grues mobiles, chariots \u00e9l\u00e9vateurs, mat\u00e9riel de manutention, transports sp\u00e9ciaux et nacelles\",\"description\":\"Location et vente de mat\u00e9riel de levage: grues, nacelles, plate-formes.\",\"potentialAction\":[{\"@type\":\"SearchAction\",\"target\":{\"@type\":\"EntryPoint\",\"urlTemplate\":\"https:\/\/intergrues.ma\/?s={search_term_string}\"},\"query-input\":{\"@type\":\"PropertyValueSpecification\",\"valueRequired\":true,\"valueName\":\"search_term_string\"}}],\"inLanguage\":\"fr-FR\"}]}<\/script>\n<!-- \/ Yoast SEO Premium plugin. -->","yoast_head_json":{"title":"QUALITY POLICY - Intergrues-Sp\u00e9cialiste de la location des Grues mobiles, chariots \u00e9l\u00e9vateurs, mat\u00e9riel du levage et manutention, transports sp\u00e9ciaux et nacelles","description":"Location de grues. Nous vous proposons des grues mobiles sur pneus en location. Pour vos besoins de levage vous pouvez nous","robots":{"index":"index","follow":"follow","max-snippet":"max-snippet:-1","max-image-preview":"max-image-preview:large","max-video-preview":"max-video-preview:-1"},"canonical":"https:\/\/intergrues.ma\/index.php\/en\/politique-qualite-2-2\/","og_locale":"fr_FR","og_type":"article","og_title":"QUALITY POLICY","og_description":"Location de grues. Nous vous proposons des grues mobiles sur pneus en location. Pour vos besoins de levage vous pouvez nous","og_url":"https:\/\/intergrues.ma\/index.php\/en\/politique-qualite-2-2\/","og_site_name":"Intergrues-Sp\u00e9cialiste de la location des Grues mobiles, chariots \u00e9l\u00e9vateurs, mat\u00e9riel du levage et manutention, transports sp\u00e9ciaux et nacelles","article_modified_time":"2021-06-18T08:58:38+00:00","twitter_card":"summary_large_image","twitter_misc":{"Dur\u00e9e de lecture estim\u00e9e":"1 minute"},"schema":{"@context":"https:\/\/schema.org","@graph":[{"@type":"WebPage","@id":"https:\/\/intergrues.ma\/index.php\/en\/politique-qualite-2-2\/","url":"https:\/\/intergrues.ma\/index.php\/en\/politique-qualite-2-2\/","name":"QUALITY POLICY - Intergrues-Sp\u00e9cialiste de la location des Grues mobiles, chariots \u00e9l\u00e9vateurs, mat\u00e9riel du levage et manutention, transports sp\u00e9ciaux et nacelles","isPartOf":{"@id":"https:\/\/intergrues.ma\/#website"},"datePublished":"2021-06-06T10:57:28+00:00","dateModified":"2021-06-18T08:58:38+00:00","description":"Location de grues. Nous vous proposons des grues mobiles sur pneus en location. Pour vos besoins de levage vous pouvez nous","breadcrumb":{"@id":"https:\/\/intergrues.ma\/index.php\/en\/politique-qualite-2-2\/#breadcrumb"},"inLanguage":"fr-FR","potentialAction":[{"@type":"ReadAction","target":["https:\/\/intergrues.ma\/index.php\/en\/politique-qualite-2-2\/"]}]},{"@type":"BreadcrumbList","@id":"https:\/\/intergrues.ma\/index.php\/en\/politique-qualite-2-2\/#breadcrumb","itemListElement":[{"@type":"ListItem","position":1,"name":"Accueil","item":"https:\/\/intergrues.ma\/"},{"@type":"ListItem","position":2,"name":"QUALITY POLICY"}]},{"@type":"WebSite","@id":"https:\/\/intergrues.ma\/#website","url":"https:\/\/intergrues.ma\/","name":"Intergrues-Sp\u00e9cialiste de la location des Grues mobiles, chariots \u00e9l\u00e9vateurs, mat\u00e9riel de manutention, transports sp\u00e9ciaux et nacelles","description":"Location et vente de mat\u00e9riel de levage: grues, nacelles, plate-formes.","potentialAction":[{"@type":"SearchAction","target":{"@type":"EntryPoint","urlTemplate":"https:\/\/intergrues.ma\/?s={search_term_string}"},"query-input":{"@type":"PropertyValueSpecification","valueRequired":true,"valueName":"search_term_string"}}],"inLanguage":"fr-FR"}]}},"_links":{"self":[{"href":"https:\/\/intergrues.ma\/index.php\/wp-json\/wp\/v2\/pages\/521","targetHints":{"allow":["GET"]}}],"collection":[{"href":"https:\/\/intergrues.ma\/index.php\/wp-json\/wp\/v2\/pages"}],"about":[{"href":"https:\/\/intergrues.ma\/index.php\/wp-json\/wp\/v2\/types\/page"}],"author":[{"embeddable":true,"href":"https:\/\/intergrues.ma\/index.php\/wp-json\/wp\/v2\/users\/1"}],"replies":[{"embeddable":true,"href":"https:\/\/intergrues.ma\/index.php\/wp-json\/wp\/v2\/comments?post=521"}],"version-history":[{"count":6,"href":"https:\/\/intergrues.ma\/index.php\/wp-json\/wp\/v2\/pages\/521\/revisions"}],"predecessor-version":[{"id":720,"href":"https:\/\/intergrues.ma\/index.php\/wp-json\/wp\/v2\/pages\/521\/revisions\/720"}],"wp:attachment":[{"href":"https:\/\/intergrues.ma\/index.php\/wp-json\/wp\/v2\/media?parent=521"}],"curies":[{"name":"wp","href":"https:\/\/api.w.org\/{rel}","templated":true}]}}