{"id":898,"date":"2026-03-08T01:01:44","date_gmt":"2026-03-08T00:01:44","guid":{"rendered":"https:\/\/intergrues.ma\/index.php\/classifieds\/"},"modified":"2026-03-08T01:07:39","modified_gmt":"2026-03-08T00:07:39","slug":"classifieds","status":"publish","type":"page","link":"https:\/\/intergrues.ma\/index.php\/fr\/classifieds\/","title":{"rendered":"Parc v\u00e9hicules"},"content":{"rendered":"\n<style type=\"text\/css\">\n    .wpadverts-blocks.wpadverts-block-search {\n        --wpa-color-gray-50: 249,250,251;\r\n--wpa-color-gray-100: 243,244,246;\r\n--wpa-color-gray-200: 229,231,235;\r\n--wpa-color-gray-300: 209,213,219;\r\n--wpa-color-gray-400: 156,163,175;\r\n--wpa-color-gray-500: 107,114,128;\r\n--wpa-color-gray-600: 75,85,99;\r\n--wpa-color-gray-700: 55,65,81;\r\n--wpa-color-gray-800: 31,41,55;\r\n--wpa-color-gray-900: 17,24,39;\r\n    }\n        .wpadverts-blocks.wpadverts-block-search .wpa-btn-primary {\n        color: #ffffff;\n        background-color: #e25a58;\n        border-color: #e25a58;\n        --wpa-btn-shadow-color: #e25a58;\n    }\n    .wpadverts-blocks.wpadverts-block-search .wpa-btn-primary > span > i.fas {\n        color: #ffffff;\n    }\n    .wpadverts-blocks.wpadverts-block-search .wpa-btn-primary:hover {\n        color: #ffffff;\n        background-color: #c44c4c;\n        border-color: #c44c4c;\n        --wpa-btn-shadow-color: #c44c4c;\n    }\n    .wpadverts-blocks.wpadverts-block-search .wpa-btn-primary:hover > span > i.fas {\n        color: #ffffff;\n    }\n            .wpadverts-blocks.wpadverts-block-search .wpa-btn-secondary {\n        color: #6b7280;\n        background-color: #e5e7eb;\n        border-color: #e5e7eb;\n        --wpa-btn-shadow-color: #e5e7eb;\n    }\n    .wpadverts-blocks.wpadverts-block-search .wpa-btn-secondary > span > i.fas {\n        color: #6b7280;\n    }\n    .wpadverts-blocks.wpadverts-block-search .wpa-btn-secondary:hover {\n        color: #374151;\n        background-color: #e5e7eb;\n        border-color: #e5e7eb;\n        --wpa-btn-shadow-color: #e5e7eb;\n    }\n    .wpadverts-blocks.wpadverts-block-search .wpa-btn-secondary:hover > span > i.fas {\n        color: #374151;\n    }\n    <\/style>\n\n<div class=\"wpadverts-blocks wpadverts-block-search atw-flex atw-flex-col\">\n\n    <form action=\"\" method=\"get\" class=\"wpadverts-form wpa-solid wpa-shadow-none wpa-border-thin wpa-rounded-md wpa-spacing-0  wpa-padding-sm  atw-block atw-py-0\">\n        \n                \n        <div class=\"atw-flex atw-flex-col md:atw-flex-row\">\n            \n            <div class=\"wpa-form-wrap\">\n                                <div class=\"wpa-form-wrap-inner\">\n                                                                                <div data-name=\"query\" class=\"wpa-field-wrap wpa-field--query atw-w-full md:atw-w-2\/4 wpa-w-half \">\n                                                                                                <div class=\"wpa-field-input\">\n                                                                                    <input type=\"text\" name=\"query\" id=\"query\" placeholder=\"Mot cl\u00e9\u2026\" class=\" atw-text-base atw-w-full atw-max-w-full\"  \/>                        <\/div>\n                    <\/div>\n                                                                                <div data-name=\"location\" class=\"wpa-field-wrap wpa-field--location atw-w-full md:atw-w-2\/4 wpa-w-half \">\n                                                                                                <div class=\"wpa-field-input\">\n                                                                                    <input type=\"text\" name=\"location\" id=\"location\" placeholder=\"Lieu\u2026\" class=\" atw-text-base atw-w-full atw-max-w-full\"  \/>                        <\/div>\n                    <\/div>\n                                    <\/div>\n                \n                            <\/div>\n            \n            <div class=\"atw-flex atw-grid-cols-1 atw-pb-3 md:atw-flex-none md:atw-ml-2\">\n                 \n                                \n                <div class=\"js-wpa-search atw-flex-auto\">\n                        <button name=\"\" value=\"\" type=\"submit\"  class=\"wpa-btn-primary  atw-flex hover:atw-bg-none atw-bg-none atw-w-full atw-text-base atw-outline-none atw-border-solid atw-font-semibold atw-px-6 atw-py-2 atw-rounded atw-border atw-leading-loose\">\n        <div class=\"atw-flex-grow\">\n                <span class=\"atw-inline md:atw-inline atw-px-0.5\"><i class=\"fa-solid fa-magnifying-glass atw-text-base md:atw-text-base\"><\/i><\/span> \n                <span class=\"atw-inline md:atw-hidden atw-px-0.5\">Search<\/span>\n        <\/div>\n        <span style=\"display:none\" class=\"atw-flex-0 atw-pl-6 atw-border-l atw-border-gray-800\/20 atw-border-solid\"><i class=\"fas fa-angle-down atw-text-2xl -atw-leading-tight atw-align-middle\"><\/i><\/span>\n    <\/button>\n                    <\/div>\n\n            <\/div>\n            \n        <\/div>\n        \n        \n    <\/form>\n\n<\/div>\n<style type=\"text\/css\">\n            .wpa-result-last-text {\n        color: #b91c1c;\n    }\n        <\/style>\n\n<div class=\"wpadverts-blocks wpadverts-block-list atw-flex atw-flex-col\">\n    \n    <div class=\"atw-flex atw-flex-col md:atw-flex-row-reverse md:atw-justify-between\">\n    \n        <div class=\"atw-flex atw-grow atw-pb-3 md:atw-grow-0 md:atw-space-x-4 atw-justify-between atw-items-center\">\n\n\n            <div class=\"atw-flex atw-flex-none\">\n                                <div class=\"atw-flex atw-align-baseline atw-leading-none atw-space-x-2\">\n                    <div class=\"atw-align-baseline\">\n                        <a href=\"\/index.php\/wp-json\/wp\/v2\/pages\/898?display=list\" class=\"js-wpa-view-list  atw-no-underline\" aria-label=\"Icon for list view\"><i class=\"fas fa-th-list atw-text-gray-400 atw-text-2xl md:atw-text-xl atw-leading-1 atw-align-baseline atw-block atw-transition atw-duration-100\"><\/i><\/a>\n                    <\/div>\n                    <div class=\"atw-align-baseline\">\n                        <a href=\"\/index.php\/wp-json\/wp\/v2\/pages\/898?display=grid\" class=\"js-wpa-view-grid wpa-selected atw-no-underline\" aria-label=\"Icon for grid view\"><i class=\"fas fa-th-large atw-text-gray-400 atw-text-2xl md:atw-text-xl atw-leading-1 atw-align-baseline\"><\/i><\/a>\n                    <\/div>\n                <\/div>\n                \n            <\/div>\n\n            <div class=\"atw-flex atw-flex-none atw-space-x-3\">\n\n                                <div class=\"\">\n\n                        <span class=\"atw-text-gray-500 atw-text-base\">Trier par:<\/span>\n\n                        <span class=\"atw-relative atw-inline-block atw-text-gray-700 atw-text-base\">\n                            <span id=\"js-wpa-sort\" class=\" atw-cursor-pointer\">\n                                <span>Date de publication<\/span>\n                                <i class=\"fas fa-chevron-down atw-text-gray-500 atw-text-base\"><\/i>\n                            <\/span>\n\n                            <div id=\"js-wpa-sort-options\" class=\"atw-hidden atw-z-50 atw-origin-top-right atw-absolute atw-right-0 atw-mt-3 atw-w-56 atw-rounded-sm atw-shadow-lg atw-bg-white atw-ring-1 atw-ring-black atw-ring-opacity-5 atw-divide-y atw-divide-gray-100 focus:atw-outline-none\">\n                                                            <div class=\"py-1 wpa-block-list-sortgroup--date\">\n                                    <span class=\"atw-text-gray-500 atw-block atw-px-4 atw-py-2 atw-text-sm\">\n                                        <strong>Date de publication<\/strong>\n                                    <\/span>\n                                                                            <a href=\"\/index.php\/wp-json\/wp\/v2\/pages\/898?adverts_sort=date-desc\" class=\"atw-text-gray-700 atw-block atw-px-4 atw-py-2 atw-text-sm atw-no-underline\">\n                                            Plus r\u00e9cent en premier                                            <i class=\"fa-solid fa-asterisk atw-pl-2 atw-text-gray-700\"><\/i>                                        <\/a>\n                                                                            <a href=\"\/index.php\/wp-json\/wp\/v2\/pages\/898?adverts_sort=date-asc\" class=\"atw-text-gray-700 atw-block atw-px-4 atw-py-2 atw-text-sm atw-no-underline\">\n                                            Ancien en premier                                                                                    <\/a>\n                                                                    <\/div>\n                                                            <div class=\"py-1 wpa-block-list-sortgroup--price\">\n                                    <span class=\"atw-text-gray-500 atw-block atw-px-4 atw-py-2 atw-text-sm\">\n                                        <strong>Prix<\/strong>\n                                    <\/span>\n                                                                            <a href=\"\/index.php\/wp-json\/wp\/v2\/pages\/898?adverts_sort=price-asc\" class=\"atw-text-gray-700 atw-block atw-px-4 atw-py-2 atw-text-sm atw-no-underline\">\n                                            Moins cher en premier                                                                                    <\/a>\n                                                                            <a href=\"\/index.php\/wp-json\/wp\/v2\/pages\/898?adverts_sort=price-desc\" class=\"atw-text-gray-700 atw-block atw-px-4 atw-py-2 atw-text-sm atw-no-underline\">\n                                            Plus cher en premier                                                                                    <\/a>\n                                                                    <\/div>\n                                                            <div class=\"py-1 wpa-block-list-sortgroup--title\">\n                                    <span class=\"atw-text-gray-500 atw-block atw-px-4 atw-py-2 atw-text-sm\">\n                                        <strong>Titre<\/strong>\n                                    <\/span>\n                                                                            <a href=\"\/index.php\/wp-json\/wp\/v2\/pages\/898?adverts_sort=title-asc\" class=\"atw-text-gray-700 atw-block atw-px-4 atw-py-2 atw-text-sm atw-no-underline\">\n                                            De A \u00e0 Z                                                                                    <\/a>\n                                                                            <a href=\"\/index.php\/wp-json\/wp\/v2\/pages\/898?adverts_sort=title-desc\" class=\"atw-text-gray-700 atw-block atw-px-4 atw-py-2 atw-text-sm atw-no-underline\">\n                                            De Z \u00e0 A                                                                                    <\/a>\n                                                                    <\/div>\n                                                            <div class=\"py-1 wpa-block-list-sortgroup--random\">\n                                    <span class=\"atw-text-gray-500 atw-block atw-px-4 atw-py-2 atw-text-sm\">\n                                        <strong>Random<\/strong>\n                                    <\/span>\n                                                                            <a href=\"\/index.php\/wp-json\/wp\/v2\/pages\/898?adverts_sort=random-asc\" class=\"atw-text-gray-700 atw-block atw-px-4 atw-py-2 atw-text-sm atw-no-underline\">\n                                            Random Order                                                                                    <\/a>\n                                                                    <\/div>\n                                                        <\/div>\n\n                        <\/span>\n\n                <\/div>\n                \n            <\/div>\n        <\/div>\n\n                <div class=\"atw-flex atw-grow atw-pb-3\">\n\n            <div class=\"\">\n                <span>\n                    <strong class=\"atw-text-gray-700 atw-text-base\">0<\/strong> \n                    <span class=\"atw-text-gray-500 atw-text-base\">results found.<\/span>\n                <\/span>\n            <\/div>\n\n        <\/div>\n                \n    <\/div>\n\n\n        <div class=\"wpa-block-list-results wpa-results atw-grid atw-p-0 atw-m-0 atw-grid-cols-1 md:atw-grid-cols-1 wpa-grid-view\">\n                <div class=\"atw-flex atw-flex-col  atw-items-center atw-mb-8 atw-p-8 atw-border-b-2 atw-border-t-2 atw-border-solid atw-border-gray-100 \">\n            <div class=\"atw-flex atw-justify-center atw-shadow-inner atw-h-12 atw-w-12 atw-rounded atw-p-4 atw-bg-gray-50 atw-text-center atw-items-center\">\n                <i class=\"fas fa-search atw-text-4xl atw-text-center atw-text-gray-500\"><\/i>\n            <\/div>\n            <div class=\"\">\n                <span class=\"atw-inline-block atw-w-full atw-text-center atw-text-lg atw-font-bold atw-p-0 atw-pt-2 atw-text-gray-700\">Aucun r\u00e9sultat trouv\u00e9.<\/span>\n                <span class=\"atw-inline-block atw-w-full atw-text-center ate-text-base atw-p-0\">There aren&rsquo;t any results matching your search query.<\/span>\n            <\/div>\n        <\/div>\n                    <\/div>\n\n        <div class=\"wpadverts-pagination\">\n            <\/div>\n    \n    \n<\/div>","protected":false},"excerpt":{"rendered":"","protected":false},"author":1,"featured_media":0,"parent":0,"menu_order":0,"comment_status":"closed","ping_status":"closed","template":"","meta":[],"class_list":["post-898","page","type-page","status-publish","hentry","description-off"],"yoast_head":"<!-- This site is optimized with the Yoast SEO Premium plugin v24.4 (Yoast SEO v24.4) - https:\/\/yoast.com\/wordpress\/plugins\/seo\/ -->\n<title>Parc v\u00e9hicules - Intergrues-Sp\u00e9cialiste de la location des Grues mobiles, chariots \u00e9l\u00e9vateurs, mat\u00e9riel du levage et manutention, transports sp\u00e9ciaux et nacelles<\/title>\n<meta name=\"description\" content=\"Location de grues. Nous vous proposons des grues mobiles sur pneus en location. Pour vos besoins de levage vous pouvez nous\" \/>\n<meta name=\"robots\" content=\"index, follow, max-snippet:-1, max-image-preview:large, max-video-preview:-1\" \/>\n<link rel=\"canonical\" href=\"https:\/\/intergrues.ma\/index.php\/fr\/classifieds\/\" \/>\n<meta property=\"og:locale\" content=\"fr_FR\" \/>\n<meta property=\"og:type\" content=\"article\" \/>\n<meta property=\"og:title\" content=\"Parc v\u00e9hicules\" \/>\n<meta property=\"og:description\" content=\"Location de grues. Nous vous proposons des grues mobiles sur pneus en location. Pour vos besoins de levage vous pouvez nous\" \/>\n<meta property=\"og:url\" content=\"https:\/\/intergrues.ma\/index.php\/fr\/classifieds\/\" \/>\n<meta property=\"og:site_name\" content=\"Intergrues-Sp\u00e9cialiste de la location des Grues mobiles, chariots \u00e9l\u00e9vateurs, mat\u00e9riel du levage et manutention, transports sp\u00e9ciaux et nacelles\" \/>\n<meta property=\"article:modified_time\" content=\"2026-03-08T00:07:39+00:00\" \/>\n<meta name=\"twitter:card\" content=\"summary_large_image\" \/>\n<script type=\"application\/ld+json\" class=\"yoast-schema-graph\">{\"@context\":\"https:\/\/schema.org\",\"@graph\":[{\"@type\":\"WebPage\",\"@id\":\"https:\/\/intergrues.ma\/index.php\/fr\/classifieds\/\",\"url\":\"https:\/\/intergrues.ma\/index.php\/fr\/classifieds\/\",\"name\":\"Parc v\u00e9hicules - Intergrues-Sp\u00e9cialiste de la location des Grues mobiles, chariots \u00e9l\u00e9vateurs, mat\u00e9riel du levage et manutention, transports sp\u00e9ciaux et nacelles\",\"isPartOf\":{\"@id\":\"https:\/\/intergrues.ma\/#website\"},\"datePublished\":\"2026-03-08T00:01:44+00:00\",\"dateModified\":\"2026-03-08T00:07:39+00:00\",\"description\":\"Location de grues. Nous vous proposons des grues mobiles sur pneus en location. Pour vos besoins de levage vous pouvez nous\",\"breadcrumb\":{\"@id\":\"https:\/\/intergrues.ma\/index.php\/fr\/classifieds\/#breadcrumb\"},\"inLanguage\":\"fr-FR\",\"potentialAction\":[{\"@type\":\"ReadAction\",\"target\":[\"https:\/\/intergrues.ma\/index.php\/fr\/classifieds\/\"]}]},{\"@type\":\"BreadcrumbList\",\"@id\":\"https:\/\/intergrues.ma\/index.php\/fr\/classifieds\/#breadcrumb\",\"itemListElement\":[{\"@type\":\"ListItem\",\"position\":1,\"name\":\"Accueil\",\"item\":\"https:\/\/intergrues.ma\/\"},{\"@type\":\"ListItem\",\"position\":2,\"name\":\"Parc v\u00e9hicules\"}]},{\"@type\":\"WebSite\",\"@id\":\"https:\/\/intergrues.ma\/#website\",\"url\":\"https:\/\/intergrues.ma\/\",\"name\":\"Intergrues-Sp\u00e9cialiste de la location des Grues mobiles, chariots \u00e9l\u00e9vateurs, mat\u00e9riel de manutention, transports sp\u00e9ciaux et nacelles\",\"description\":\"Location et vente de mat\u00e9riel de levage: grues, nacelles, plate-formes.\",\"potentialAction\":[{\"@type\":\"SearchAction\",\"target\":{\"@type\":\"EntryPoint\",\"urlTemplate\":\"https:\/\/intergrues.ma\/?s={search_term_string}\"},\"query-input\":{\"@type\":\"PropertyValueSpecification\",\"valueRequired\":true,\"valueName\":\"search_term_string\"}}],\"inLanguage\":\"fr-FR\"}]}<\/script>\n<!-- \/ Yoast SEO Premium plugin. -->","yoast_head_json":{"title":"Parc v\u00e9hicules - Intergrues-Sp\u00e9cialiste de la location des Grues mobiles, chariots \u00e9l\u00e9vateurs, mat\u00e9riel du levage et manutention, transports sp\u00e9ciaux et nacelles","description":"Location de grues. Nous vous proposons des grues mobiles sur pneus en location. Pour vos besoins de levage vous pouvez nous","robots":{"index":"index","follow":"follow","max-snippet":"max-snippet:-1","max-image-preview":"max-image-preview:large","max-video-preview":"max-video-preview:-1"},"canonical":"https:\/\/intergrues.ma\/index.php\/fr\/classifieds\/","og_locale":"fr_FR","og_type":"article","og_title":"Parc v\u00e9hicules","og_description":"Location de grues. Nous vous proposons des grues mobiles sur pneus en location. Pour vos besoins de levage vous pouvez nous","og_url":"https:\/\/intergrues.ma\/index.php\/fr\/classifieds\/","og_site_name":"Intergrues-Sp\u00e9cialiste de la location des Grues mobiles, chariots \u00e9l\u00e9vateurs, mat\u00e9riel du levage et manutention, transports sp\u00e9ciaux et nacelles","article_modified_time":"2026-03-08T00:07:39+00:00","twitter_card":"summary_large_image","schema":{"@context":"https:\/\/schema.org","@graph":[{"@type":"WebPage","@id":"https:\/\/intergrues.ma\/index.php\/fr\/classifieds\/","url":"https:\/\/intergrues.ma\/index.php\/fr\/classifieds\/","name":"Parc v\u00e9hicules - Intergrues-Sp\u00e9cialiste de la location des Grues mobiles, chariots \u00e9l\u00e9vateurs, mat\u00e9riel du levage et manutention, transports sp\u00e9ciaux et nacelles","isPartOf":{"@id":"https:\/\/intergrues.ma\/#website"},"datePublished":"2026-03-08T00:01:44+00:00","dateModified":"2026-03-08T00:07:39+00:00","description":"Location de grues. Nous vous proposons des grues mobiles sur pneus en location. Pour vos besoins de levage vous pouvez nous","breadcrumb":{"@id":"https:\/\/intergrues.ma\/index.php\/fr\/classifieds\/#breadcrumb"},"inLanguage":"fr-FR","potentialAction":[{"@type":"ReadAction","target":["https:\/\/intergrues.ma\/index.php\/fr\/classifieds\/"]}]},{"@type":"BreadcrumbList","@id":"https:\/\/intergrues.ma\/index.php\/fr\/classifieds\/#breadcrumb","itemListElement":[{"@type":"ListItem","position":1,"name":"Accueil","item":"https:\/\/intergrues.ma\/"},{"@type":"ListItem","position":2,"name":"Parc v\u00e9hicules"}]},{"@type":"WebSite","@id":"https:\/\/intergrues.ma\/#website","url":"https:\/\/intergrues.ma\/","name":"Intergrues-Sp\u00e9cialiste de la location des Grues mobiles, chariots \u00e9l\u00e9vateurs, mat\u00e9riel de manutention, transports sp\u00e9ciaux et nacelles","description":"Location et vente de mat\u00e9riel de levage: grues, nacelles, plate-formes.","potentialAction":[{"@type":"SearchAction","target":{"@type":"EntryPoint","urlTemplate":"https:\/\/intergrues.ma\/?s={search_term_string}"},"query-input":{"@type":"PropertyValueSpecification","valueRequired":true,"valueName":"search_term_string"}}],"inLanguage":"fr-FR"}]}},"_links":{"self":[{"href":"https:\/\/intergrues.ma\/index.php\/wp-json\/wp\/v2\/pages\/898","targetHints":{"allow":["GET"]}}],"collection":[{"href":"https:\/\/intergrues.ma\/index.php\/wp-json\/wp\/v2\/pages"}],"about":[{"href":"https:\/\/intergrues.ma\/index.php\/wp-json\/wp\/v2\/types\/page"}],"author":[{"embeddable":true,"href":"https:\/\/intergrues.ma\/index.php\/wp-json\/wp\/v2\/users\/1"}],"replies":[{"embeddable":true,"href":"https:\/\/intergrues.ma\/index.php\/wp-json\/wp\/v2\/comments?post=898"}],"version-history":[{"count":3,"href":"https:\/\/intergrues.ma\/index.php\/wp-json\/wp\/v2\/pages\/898\/revisions"}],"predecessor-version":[{"id":905,"href":"https:\/\/intergrues.ma\/index.php\/wp-json\/wp\/v2\/pages\/898\/revisions\/905"}],"wp:attachment":[{"href":"https:\/\/intergrues.ma\/index.php\/wp-json\/wp\/v2\/media?parent=898"}],"curies":[{"name":"wp","href":"https:\/\/api.w.org\/{rel}","templated":true}]}}