{"id":97,"date":"2018-10-23T22:22:05","date_gmt":"2018-10-23T21:22:05","guid":{"rendered":"http:\/\/www.intergrues.ma\/?page_id=97"},"modified":"2021-05-04T01:06:08","modified_gmt":"2021-05-04T00:06:08","slug":"location-grues-maroc","status":"publish","type":"page","link":"https:\/\/intergrues.ma\/index.php\/fr\/location-grues-maroc\/","title":{"rendered":"Location de grues au  Maroc"},"content":{"rendered":"<p>Vous cherchez un professionnel dans le domaine de la location de grues au Maroc? Ne cherchez plus , nous sommes \u00e0 votre service.<\/p>\n<h2>Manutention, levage et location de grues : Quel est notre secteur notre secteur d&rsquo;intervention ?<\/h2>\n<p>Mat\u00e9riel de manutention, pi\u00e8ces de rechanges, maintenance, r\u00e9paration, full service. Casablanca,<em>Maroc<\/em>\u00a0\u00b7 INTERGRUES.\u00a0<em>Location<\/em>\u00a0des\u00a0<em>grues mobiles<\/em>, manutention<wbr \/>,\u00a0&#8230;<a class=\"dt-single-image\" href=\"https:\/\/intergrues.ma\/wp-content\/uploads\/2021\/04\/7ae4830e-446a-41a6-b3f3-55ff8ad7d1b5.jpeg\" data-dt-img-description=\"\"><img loading=\"lazy\" decoding=\"async\" class=\"alignnone size-medium wp-image-169\" src=\"https:\/\/intergrues.ma\/wp-content\/uploads\/2021\/04\/7ae4830e-446a-41a6-b3f3-55ff8ad7d1b5-300x250.jpeg\" alt=\"\" width=\"300\" height=\"250\" srcset=\"https:\/\/intergrues.ma\/wp-content\/uploads\/2021\/04\/7ae4830e-446a-41a6-b3f3-55ff8ad7d1b5-300x250.jpeg 300w, https:\/\/intergrues.ma\/wp-content\/uploads\/2021\/04\/7ae4830e-446a-41a6-b3f3-55ff8ad7d1b5-768x640.jpeg 768w, https:\/\/intergrues.ma\/wp-content\/uploads\/2021\/04\/7ae4830e-446a-41a6-b3f3-55ff8ad7d1b5.jpeg 1000w\" sizes=\"auto, (max-width: 300px) 100vw, 300px\" \/><\/a><\/p>\n","protected":false},"excerpt":{"rendered":"<p>Vous cherchez un professionnel dans le domaine de la location de grues au Maroc? Ne cherchez plus , nous sommes \u00e0 votre service. Manutention, levage et location de grues : Quel est notre secteur notre secteur d&rsquo;intervention ? Mat\u00e9riel de manutention, pi\u00e8ces de rechanges, maintenance, r\u00e9paration, full service. Casablanca,Maroc\u00a0\u00b7 INTERGRUES.\u00a0Location\u00a0des\u00a0grues mobiles, manutention,\u00a0&#8230;<\/p>\n","protected":false},"author":1,"featured_media":0,"parent":0,"menu_order":0,"comment_status":"closed","ping_status":"closed","template":"","meta":[],"class_list":["post-97","page","type-page","status-publish","hentry","description-off"],"yoast_head":"<!-- This site is optimized with the Yoast SEO Premium plugin v24.4 (Yoast SEO v24.4) - https:\/\/yoast.com\/wordpress\/plugins\/seo\/ -->\n<title>Location de grues au Maroc - Intergrues-Sp\u00e9cialiste de la location des Grues mobiles, chariots \u00e9l\u00e9vateurs, mat\u00e9riel du levage et manutention, transports sp\u00e9ciaux et nacelles<\/title>\n<meta name=\"description\" content=\"Location de grues. Nous vous proposons des grues mobiles sur pneus en location. Pour vos besoins de levage vous pouvez nous\" \/>\n<meta name=\"robots\" content=\"index, follow, max-snippet:-1, max-image-preview:large, max-video-preview:-1\" \/>\n<link rel=\"canonical\" href=\"https:\/\/intergrues.ma\/index.php\/fr\/location-grues-maroc\/\" \/>\n<meta property=\"og:locale\" content=\"fr_FR\" \/>\n<meta property=\"og:type\" content=\"article\" \/>\n<meta property=\"og:title\" content=\"Location de grues au Maroc\" \/>\n<meta property=\"og:description\" content=\"Location de grues. Nous vous proposons des grues mobiles sur pneus en location. Pour vos besoins de levage vous pouvez nous\" \/>\n<meta property=\"og:url\" content=\"https:\/\/intergrues.ma\/index.php\/fr\/location-grues-maroc\/\" \/>\n<meta property=\"og:site_name\" content=\"Intergrues-Sp\u00e9cialiste de la location des Grues mobiles, chariots \u00e9l\u00e9vateurs, mat\u00e9riel du levage et manutention, transports sp\u00e9ciaux et nacelles\" \/>\n<meta property=\"article:modified_time\" content=\"2021-05-04T00:06:08+00:00\" \/>\n<meta property=\"og:image\" content=\"https:\/\/intergrues.ma\/wp-content\/uploads\/2021\/04\/7ae4830e-446a-41a6-b3f3-55ff8ad7d1b5.jpeg\" \/>\n\t<meta property=\"og:image:width\" content=\"1000\" \/>\n\t<meta property=\"og:image:height\" content=\"833\" \/>\n\t<meta property=\"og:image:type\" content=\"image\/jpeg\" \/>\n<meta name=\"twitter:card\" content=\"summary_large_image\" \/>\n<script type=\"application\/ld+json\" class=\"yoast-schema-graph\">{\"@context\":\"https:\/\/schema.org\",\"@graph\":[{\"@type\":\"WebPage\",\"@id\":\"https:\/\/intergrues.ma\/index.php\/fr\/location-grues-maroc\/\",\"url\":\"https:\/\/intergrues.ma\/index.php\/fr\/location-grues-maroc\/\",\"name\":\"Location de grues au Maroc - Intergrues-Sp\u00e9cialiste de la location des Grues mobiles, chariots \u00e9l\u00e9vateurs, mat\u00e9riel du levage et manutention, transports sp\u00e9ciaux et nacelles\",\"isPartOf\":{\"@id\":\"https:\/\/intergrues.ma\/#website\"},\"primaryImageOfPage\":{\"@id\":\"https:\/\/intergrues.ma\/index.php\/fr\/location-grues-maroc\/#primaryimage\"},\"image\":{\"@id\":\"https:\/\/intergrues.ma\/index.php\/fr\/location-grues-maroc\/#primaryimage\"},\"thumbnailUrl\":\"https:\/\/intergrues.ma\/wp-content\/uploads\/2021\/04\/7ae4830e-446a-41a6-b3f3-55ff8ad7d1b5-300x250.jpeg\",\"datePublished\":\"2018-10-23T21:22:05+00:00\",\"dateModified\":\"2021-05-04T00:06:08+00:00\",\"description\":\"Location de grues. Nous vous proposons des grues mobiles sur pneus en location. Pour vos besoins de levage vous pouvez nous\",\"breadcrumb\":{\"@id\":\"https:\/\/intergrues.ma\/index.php\/fr\/location-grues-maroc\/#breadcrumb\"},\"inLanguage\":\"fr-FR\",\"potentialAction\":[{\"@type\":\"ReadAction\",\"target\":[\"https:\/\/intergrues.ma\/index.php\/fr\/location-grues-maroc\/\"]}]},{\"@type\":\"ImageObject\",\"inLanguage\":\"fr-FR\",\"@id\":\"https:\/\/intergrues.ma\/index.php\/fr\/location-grues-maroc\/#primaryimage\",\"url\":\"https:\/\/intergrues.ma\/wp-content\/uploads\/2021\/04\/7ae4830e-446a-41a6-b3f3-55ff8ad7d1b5.jpeg\",\"contentUrl\":\"https:\/\/intergrues.ma\/wp-content\/uploads\/2021\/04\/7ae4830e-446a-41a6-b3f3-55ff8ad7d1b5.jpeg\",\"width\":1000,\"height\":833,\"caption\":\"Location grue mobile pour levage et manutention avec Manitou, grue t\u00e9lescopique et remorque hydraulique\"},{\"@type\":\"BreadcrumbList\",\"@id\":\"https:\/\/intergrues.ma\/index.php\/fr\/location-grues-maroc\/#breadcrumb\",\"itemListElement\":[{\"@type\":\"ListItem\",\"position\":1,\"name\":\"Accueil\",\"item\":\"https:\/\/intergrues.ma\/\"},{\"@type\":\"ListItem\",\"position\":2,\"name\":\"Location de grues au Maroc\"}]},{\"@type\":\"WebSite\",\"@id\":\"https:\/\/intergrues.ma\/#website\",\"url\":\"https:\/\/intergrues.ma\/\",\"name\":\"Intergrues-Sp\u00e9cialiste de la location des Grues mobiles, chariots \u00e9l\u00e9vateurs, mat\u00e9riel de manutention, transports sp\u00e9ciaux et nacelles\",\"description\":\"Location et vente de mat\u00e9riel de levage: grues, nacelles, plate-formes.\",\"potentialAction\":[{\"@type\":\"SearchAction\",\"target\":{\"@type\":\"EntryPoint\",\"urlTemplate\":\"https:\/\/intergrues.ma\/?s={search_term_string}\"},\"query-input\":{\"@type\":\"PropertyValueSpecification\",\"valueRequired\":true,\"valueName\":\"search_term_string\"}}],\"inLanguage\":\"fr-FR\"}]}<\/script>\n<!-- \/ Yoast SEO Premium plugin. -->","yoast_head_json":{"title":"Location de grues au Maroc - Intergrues-Sp\u00e9cialiste de la location des Grues mobiles, chariots \u00e9l\u00e9vateurs, mat\u00e9riel du levage et manutention, transports sp\u00e9ciaux et nacelles","description":"Location de grues. Nous vous proposons des grues mobiles sur pneus en location. Pour vos besoins de levage vous pouvez nous","robots":{"index":"index","follow":"follow","max-snippet":"max-snippet:-1","max-image-preview":"max-image-preview:large","max-video-preview":"max-video-preview:-1"},"canonical":"https:\/\/intergrues.ma\/index.php\/fr\/location-grues-maroc\/","og_locale":"fr_FR","og_type":"article","og_title":"Location de grues au Maroc","og_description":"Location de grues. Nous vous proposons des grues mobiles sur pneus en location. Pour vos besoins de levage vous pouvez nous","og_url":"https:\/\/intergrues.ma\/index.php\/fr\/location-grues-maroc\/","og_site_name":"Intergrues-Sp\u00e9cialiste de la location des Grues mobiles, chariots \u00e9l\u00e9vateurs, mat\u00e9riel du levage et manutention, transports sp\u00e9ciaux et nacelles","article_modified_time":"2021-05-04T00:06:08+00:00","og_image":[{"width":1000,"height":833,"url":"https:\/\/intergrues.ma\/wp-content\/uploads\/2021\/04\/7ae4830e-446a-41a6-b3f3-55ff8ad7d1b5.jpeg","type":"image\/jpeg"}],"twitter_card":"summary_large_image","schema":{"@context":"https:\/\/schema.org","@graph":[{"@type":"WebPage","@id":"https:\/\/intergrues.ma\/index.php\/fr\/location-grues-maroc\/","url":"https:\/\/intergrues.ma\/index.php\/fr\/location-grues-maroc\/","name":"Location de grues au Maroc - Intergrues-Sp\u00e9cialiste de la location des Grues mobiles, chariots \u00e9l\u00e9vateurs, mat\u00e9riel du levage et manutention, transports sp\u00e9ciaux et nacelles","isPartOf":{"@id":"https:\/\/intergrues.ma\/#website"},"primaryImageOfPage":{"@id":"https:\/\/intergrues.ma\/index.php\/fr\/location-grues-maroc\/#primaryimage"},"image":{"@id":"https:\/\/intergrues.ma\/index.php\/fr\/location-grues-maroc\/#primaryimage"},"thumbnailUrl":"https:\/\/intergrues.ma\/wp-content\/uploads\/2021\/04\/7ae4830e-446a-41a6-b3f3-55ff8ad7d1b5-300x250.jpeg","datePublished":"2018-10-23T21:22:05+00:00","dateModified":"2021-05-04T00:06:08+00:00","description":"Location de grues. Nous vous proposons des grues mobiles sur pneus en location. Pour vos besoins de levage vous pouvez nous","breadcrumb":{"@id":"https:\/\/intergrues.ma\/index.php\/fr\/location-grues-maroc\/#breadcrumb"},"inLanguage":"fr-FR","potentialAction":[{"@type":"ReadAction","target":["https:\/\/intergrues.ma\/index.php\/fr\/location-grues-maroc\/"]}]},{"@type":"ImageObject","inLanguage":"fr-FR","@id":"https:\/\/intergrues.ma\/index.php\/fr\/location-grues-maroc\/#primaryimage","url":"https:\/\/intergrues.ma\/wp-content\/uploads\/2021\/04\/7ae4830e-446a-41a6-b3f3-55ff8ad7d1b5.jpeg","contentUrl":"https:\/\/intergrues.ma\/wp-content\/uploads\/2021\/04\/7ae4830e-446a-41a6-b3f3-55ff8ad7d1b5.jpeg","width":1000,"height":833,"caption":"Location grue mobile pour levage et manutention avec Manitou, grue t\u00e9lescopique et remorque hydraulique"},{"@type":"BreadcrumbList","@id":"https:\/\/intergrues.ma\/index.php\/fr\/location-grues-maroc\/#breadcrumb","itemListElement":[{"@type":"ListItem","position":1,"name":"Accueil","item":"https:\/\/intergrues.ma\/"},{"@type":"ListItem","position":2,"name":"Location de grues au Maroc"}]},{"@type":"WebSite","@id":"https:\/\/intergrues.ma\/#website","url":"https:\/\/intergrues.ma\/","name":"Intergrues-Sp\u00e9cialiste de la location des Grues mobiles, chariots \u00e9l\u00e9vateurs, mat\u00e9riel de manutention, transports sp\u00e9ciaux et nacelles","description":"Location et vente de mat\u00e9riel de levage: grues, nacelles, plate-formes.","potentialAction":[{"@type":"SearchAction","target":{"@type":"EntryPoint","urlTemplate":"https:\/\/intergrues.ma\/?s={search_term_string}"},"query-input":{"@type":"PropertyValueSpecification","valueRequired":true,"valueName":"search_term_string"}}],"inLanguage":"fr-FR"}]}},"_links":{"self":[{"href":"https:\/\/intergrues.ma\/index.php\/wp-json\/wp\/v2\/pages\/97","targetHints":{"allow":["GET"]}}],"collection":[{"href":"https:\/\/intergrues.ma\/index.php\/wp-json\/wp\/v2\/pages"}],"about":[{"href":"https:\/\/intergrues.ma\/index.php\/wp-json\/wp\/v2\/types\/page"}],"author":[{"embeddable":true,"href":"https:\/\/intergrues.ma\/index.php\/wp-json\/wp\/v2\/users\/1"}],"replies":[{"embeddable":true,"href":"https:\/\/intergrues.ma\/index.php\/wp-json\/wp\/v2\/comments?post=97"}],"version-history":[{"count":7,"href":"https:\/\/intergrues.ma\/index.php\/wp-json\/wp\/v2\/pages\/97\/revisions"}],"predecessor-version":[{"id":211,"href":"https:\/\/intergrues.ma\/index.php\/wp-json\/wp\/v2\/pages\/97\/revisions\/211"}],"wp:attachment":[{"href":"https:\/\/intergrues.ma\/index.php\/wp-json\/wp\/v2\/media?parent=97"}],"curies":[{"name":"wp","href":"https:\/\/api.w.org\/{rel}","templated":true}]}}